{"id":22884,"date":"2023-12-15T09:03:34","date_gmt":"2023-12-15T08:03:34","guid":{"rendered":"https:\/\/www.naturopharma.net\/?post_type=product&#038;p=22884"},"modified":"2026-01-31T09:08:12","modified_gmt":"2026-01-31T08:08:12","slug":"acide-hyaluronique-coenzyme-q10","status":"publish","type":"product","link":"https:\/\/www.naturopharma.net\/it\/boutique\/acide-hyaluronique-coenzyme-q10\/","title":{"rendered":"Acido ialuronico + Coenzima Q10"},"content":{"rendered":"<p>Immergetevi in un'esperienza di cura della pelle davvero trascendentale con la nostra confezione esclusiva, una sublime fusione di due ingredienti eccezionali: una confezione di Acido Ialuronico e una di Coenzima Q10. Questo prodigioso duo \u00e8 un'ode alla giovinezza ritrovata, progettata per portare la vostra routine di bellezza a nuovi livelli.<\/p>\n<p>L'acido ialuronico, il gioiello idratante della nostra collezione, offre molto di pi\u00f9 di una semplice saturazione idrica. \u00c8 un elisir di giovinezza che penetra in profondit\u00e0 negli strati della pelle, creando una riserva continua di idratazione. Le linee sottili si attenuano, lasciando il posto a una pelle dalla morbidezza infinita. Questo prezioso ingrediente \u00e8 acclamato anche per il suo potere rigenerante, che restituisce alla pelle un'elasticit\u00e0 che sembra sfidare il tempo. L'effetto rimpolpante \u00e8 sorprendente e rivela una pelle visibilmente rivitalizzata e piena di vitalit\u00e0.<\/p>\n<p>Complemento perfetto di questa sinfonia di trattamenti, il cofanetto al Coenzima Q10 agisce come uno scudo protettivo contro gli effetti dannosi dell'invecchiamento. Questo potente antiossidante lavora in tandem con la pelle, neutralizzando i radicali liberi e preservandone l'aspetto giovanile. Stimolando la produzione di energia cellulare, il Coenzima Q10 dona al viso una rinnovata luminosit\u00e0, risvegliando i sensi e dando alla pelle un vigore che va oltre l'estetica.<\/p>\n<p>Il nostro pacchetto \u00e8 pi\u00f9 di una semplice routine di cura della pelle: \u00e8 una celebrazione della bellezza senza tempo. Insieme, l'Acido Ialuronico e il Coenzima Q10 creano un'alleanza maestosa, offrendo un'esperienza completa di trattamento della pelle che trascende i confini del tempo. La pelle diventa il ricettacolo di un'armonia perfetta, in equilibrio tra sontuosa idratazione e protezione cellulare.<\/p>\n<p>Concedetevi l'opulenza del nostro pacchetto Acido Ialuronico + Coenzima Q10, una fuga sensoriale nel mondo del ringiovanimento della pelle. Portate la vostra routine di cura della pelle a un livello superiore e rivelate una bellezza che non solo resiste alla prova del tempo, ma abbraccia ogni momento con luminosit\u00e0 e splendore. Sperimentate la magia di una pelle che celebra l'eternit\u00e0 della giovinezza.<\/p>","protected":false},"excerpt":{"rendered":"<p>La nostra esclusiva confezione combina una scatola di Acido Ialuronico con una scatola di Coenzima Q10, offrendo la sinergia perfetta per una pelle radiosa. L'Acido Ialuronico idrata profondamente, attenuando le linee sottili e rivitalizzando la struttura della pelle. Il coenzima Q10, potente antiossidante, protegge dai segni dell'invecchiamento stimolando l'energia cellulare. Trasformate la vostra routine di cura della pelle con questo eccezionale duo per una pelle visibilmente pi\u00f9 giovane e radiosa.<\/p>","protected":false},"featured_media":25004,"comment_status":"open","ping_status":"closed","template":"","meta":{"inline_featured_image":false,"iawp_total_views":33},"product_cat":[80,97,118,101],"product_tag":[],"class_list":{"0":"post-22884","1":"product","2":"type-product","3":"status-publish","4":"has-post-thumbnail","6":"product_cat-anti-age","7":"product_cat-antioxydants","8":"product_cat-peau-cheveux-ongles","9":"product_cat-sante-cardiaque","11":"first","12":"instock","13":"shipping-taxable","14":"purchasable","15":"product-type-simple"},"delivery_text_html":"<div class=\"rp_estimated_date  dpid_22884\" data-pid=\"22884\" data-loaded=\"false\"><span class=\"rp_text\"> \ud83d\udce6 Commandez d\u00e8s maintenant et recevez votre commande le: 14, Aprile 2026 \ud83d\udceb<\/span><\/div>","delivery_time":1776124800,"_links":{"self":[{"href":"https:\/\/www.naturopharma.net\/it\/wp-json\/wp\/v2\/product\/22884","targetHints":{"allow":["GET"]}}],"collection":[{"href":"https:\/\/www.naturopharma.net\/it\/wp-json\/wp\/v2\/product"}],"about":[{"href":"https:\/\/www.naturopharma.net\/it\/wp-json\/wp\/v2\/types\/product"}],"replies":[{"embeddable":true,"href":"https:\/\/www.naturopharma.net\/it\/wp-json\/wp\/v2\/comments?post=22884"}],"version-history":[{"count":2,"href":"https:\/\/www.naturopharma.net\/it\/wp-json\/wp\/v2\/product\/22884\/revisions"}],"predecessor-version":[{"id":27344,"href":"https:\/\/www.naturopharma.net\/it\/wp-json\/wp\/v2\/product\/22884\/revisions\/27344"}],"wp:featuredmedia":[{"embeddable":true,"href":"https:\/\/www.naturopharma.net\/it\/wp-json\/wp\/v2\/media\/25004"}],"wp:attachment":[{"href":"https:\/\/www.naturopharma.net\/it\/wp-json\/wp\/v2\/media?parent=22884"}],"wp:term":[{"taxonomy":"product_cat","embeddable":true,"href":"https:\/\/www.naturopharma.net\/it\/wp-json\/wp\/v2\/product_cat?post=22884"},{"taxonomy":"product_tag","embeddable":true,"href":"https:\/\/www.naturopharma.net\/it\/wp-json\/wp\/v2\/product_tag?post=22884"}],"curies":[{"name":"wp","href":"https:\/\/api.w.org\/{rel}","templated":true}]}}