{"id":18874,"date":"2021-11-15T10:29:59","date_gmt":"2021-11-15T09:29:59","guid":{"rendered":"http:\/\/www.naturopharma.net\/?post_type=product&#038;p=18874"},"modified":"2026-01-31T09:47:11","modified_gmt":"2026-01-31T08:47:11","slug":"naturo-flex-articulations-os-cartilages","status":"publish","type":"product","link":"https:\/\/www.naturopharma.net\/it\/boutique\/naturo-flex-articulations-os-cartilages\/","title":{"rendered":"Naturo-Flex"},"content":{"rendered":"<div data-elementor-type=\"product-post\" data-elementor-id=\"18874\" class=\"elementor elementor-18874\" data-elementor-post-type=\"product\">\n\t\t\t\t\t\t<section class=\"elementor-section elementor-top-section elementor-element elementor-element-1feb8864 elementor-section-boxed elementor-section-height-default elementor-section-height-default\" data-id=\"1feb8864\" data-element_type=\"section\" data-e-type=\"section\">\n\t\t\t\t\t\t<div class=\"elementor-container elementor-column-gap-default\">\n\t\t\t\t\t<div class=\"elementor-column elementor-col-100 elementor-top-column elementor-element elementor-element-4a3f5439\" data-id=\"4a3f5439\" data-element_type=\"column\" data-e-type=\"column\">\n\t\t\t<div class=\"elementor-widget-wrap elementor-element-populated\">\n\t\t\t\t\t\t<div class=\"elementor-element elementor-element-2676dad8 elementor-widget elementor-widget-text-editor\" data-id=\"2676dad8\" data-element_type=\"widget\" data-e-type=\"widget\" data-widget_type=\"text-editor.default\">\n\t\t\t\t\t\t\t\t\t<h4><span style=\"color: #339966;\">Formula per articolazioni, ossa, cartilagini e tessuto connettivo<\/span><\/h4>\t\t\t\t\t\t\t\t<\/div>\n\t\t\t\t<div class=\"elementor-element elementor-element-65711cf0 elementor-widget-divider--view-line elementor-widget elementor-widget-divider\" data-id=\"65711cf0\" data-element_type=\"widget\" data-e-type=\"widget\" data-widget_type=\"divider.default\">\n\t\t\t\t\t\t\t<div class=\"elementor-divider\">\n\t\t\t<span class=\"elementor-divider-separator\">\n\t\t\t\t\t\t<\/span>\n\t\t<\/div>\n\t\t\t\t\t\t<\/div>\n\t\t\t\t\t<\/div>\n\t\t<\/div>\n\t\t\t\t\t<\/div>\n\t\t<\/section>\n\t\t\t\t<section class=\"elementor-section elementor-top-section elementor-element elementor-element-3dae380 elementor-section-boxed elementor-section-height-default elementor-section-height-default\" data-id=\"3dae380\" data-element_type=\"section\" data-e-type=\"section\">\n\t\t\t\t\t\t<div class=\"elementor-container elementor-column-gap-default\">\n\t\t\t\t\t<div class=\"elementor-column elementor-col-100 elementor-top-column elementor-element elementor-element-7c82cd7f\" data-id=\"7c82cd7f\" data-element_type=\"column\" data-e-type=\"column\">\n\t\t\t<div class=\"elementor-widget-wrap elementor-element-populated\">\n\t\t\t\t\t\t<div class=\"elementor-element elementor-element-6f0b05c0 elementor-widget elementor-widget-text-editor\" data-id=\"6f0b05c0\" data-element_type=\"widget\" data-e-type=\"widget\" data-widget_type=\"text-editor.default\">\n\t\t\t\t\t\t\t\t\t<p>La formula Naturo-Flex \u00e8 stata formulata per fornire una combinazione su misura di glucosamina HCL, metilsulfonil metano (MSM), vitamina C e altri ingredienti a base di erbe e alimenti, tra cui: estratto di curcuma (con curcumina), foglie di ortica, ciliegia Montmorency, panax ginseng coreano, polvere di aceto di sidro di mele, bromelina, equiseto, kelp, papaina, rosa canina e radice di zenzero - tutto in un'unica formula.<\/p><p>Nella formula viene utilizzata solo glucosamina HCL di altissima qualit\u00e0 - la forma HCL della glucosamina \u00e8 la pi\u00f9 biodisponibile (facilmente assorbibile e utilizzabile).<\/p><p>Questo integratore alimentare combinato offre un supporto specifico per il normale funzionamento di articolazioni, cartilagini e ossa, nonch\u00e9 per la formazione di collagene.<br \/>Il collagene \u00e8 una proteina strutturale presente in molti tessuti connettivi dell'organismo, tra cui ossa, cartilagini, gengive, pelle, tendini e vasi sanguigni.<\/p>\t\t\t\t\t\t\t\t<\/div>\n\t\t\t\t<div class=\"elementor-element elementor-element-106bc818 elementor-widget-divider--view-line elementor-widget elementor-widget-divider\" data-id=\"106bc818\" data-element_type=\"widget\" data-e-type=\"widget\" data-widget_type=\"divider.default\">\n\t\t\t\t\t\t\t<div class=\"elementor-divider\">\n\t\t\t<span class=\"elementor-divider-separator\">\n\t\t\t\t\t\t<\/span>\n\t\t<\/div>\n\t\t\t\t\t\t<\/div>\n\t\t\t\t\t<\/div>\n\t\t<\/div>\n\t\t\t\t\t<\/div>\n\t\t<\/section>\n\t\t\t\t<section class=\"elementor-section elementor-top-section elementor-element elementor-element-11feba5c elementor-section-boxed elementor-section-height-default elementor-section-height-default\" data-id=\"11feba5c\" data-element_type=\"section\" data-e-type=\"section\">\n\t\t\t\t\t\t<div class=\"elementor-container elementor-column-gap-default\">\n\t\t\t\t\t<div class=\"elementor-column elementor-col-100 elementor-top-column elementor-element elementor-element-7bdb2098\" data-id=\"7bdb2098\" data-element_type=\"column\" data-e-type=\"column\">\n\t\t\t<div class=\"elementor-widget-wrap elementor-element-populated\">\n\t\t\t\t\t\t<section class=\"elementor-section elementor-inner-section elementor-element elementor-element-29f19f5f elementor-section-boxed elementor-section-height-default elementor-section-height-default\" data-id=\"29f19f5f\" data-element_type=\"section\" data-e-type=\"section\">\n\t\t\t\t\t\t<div class=\"elementor-container elementor-column-gap-default\">\n\t\t\t\t\t<div class=\"elementor-column elementor-col-50 elementor-inner-column elementor-element elementor-element-7a616216\" data-id=\"7a616216\" data-element_type=\"column\" data-e-type=\"column\">\n\t\t\t<div class=\"elementor-widget-wrap elementor-element-populated\">\n\t\t\t\t\t\t<div class=\"elementor-element elementor-element-5c876003 elementor-view-default elementor-widget elementor-widget-icon\" data-id=\"5c876003\" data-element_type=\"widget\" data-e-type=\"widget\" data-widget_type=\"icon.default\">\n\t\t\t\t\t\t\t<div class=\"elementor-icon-wrapper\">\n\t\t\t<div class=\"elementor-icon\">\n\t\t\t<i aria-hidden=\"true\" class=\"smartic-icon- smartic-icon-vegan\"><\/i>\t\t\t<\/div>\n\t\t<\/div>\n\t\t\t\t\t\t<\/div>\n\t\t\t\t\t<\/div>\n\t\t<\/div>\n\t\t\t\t<div class=\"elementor-column elementor-col-50 elementor-inner-column elementor-element elementor-element-441d4b03\" data-id=\"441d4b03\" data-element_type=\"column\" data-e-type=\"column\">\n\t\t\t<div class=\"elementor-widget-wrap elementor-element-populated\">\n\t\t\t\t\t\t<div class=\"elementor-element elementor-element-7ed864c9 elementor-widget elementor-widget-text-editor\" data-id=\"7ed864c9\" data-element_type=\"widget\" data-e-type=\"widget\" data-widget_type=\"text-editor.default\">\n\t\t\t\t\t\t\t\t\t<p>Adatto a vegetariani e vegani.<\/p>\t\t\t\t\t\t\t\t<\/div>\n\t\t\t\t\t<\/div>\n\t\t<\/div>\n\t\t\t\t\t<\/div>\n\t\t<\/section>\n\t\t\t\t<section class=\"elementor-section elementor-inner-section elementor-element elementor-element-b3a0376 elementor-section-boxed elementor-section-height-default elementor-section-height-default\" data-id=\"b3a0376\" data-element_type=\"section\" data-e-type=\"section\">\n\t\t\t\t\t\t<div class=\"elementor-container elementor-column-gap-default\">\n\t\t\t\t\t<div class=\"elementor-column elementor-col-50 elementor-inner-column elementor-element elementor-element-bc7810b\" data-id=\"bc7810b\" data-element_type=\"column\" data-e-type=\"column\">\n\t\t\t<div class=\"elementor-widget-wrap elementor-element-populated\">\n\t\t\t\t\t\t<div class=\"elementor-element elementor-element-2f5fee4 elementor-view-default elementor-widget elementor-widget-icon\" data-id=\"2f5fee4\" data-element_type=\"widget\" data-e-type=\"widget\" data-widget_type=\"icon.default\">\n\t\t\t\t\t\t\t<div class=\"elementor-icon-wrapper\">\n\t\t\t<div class=\"elementor-icon\">\n\t\t\t<i aria-hidden=\"true\" class=\"smartic-icon- smartic-icon-eco\"><\/i>\t\t\t<\/div>\n\t\t<\/div>\n\t\t\t\t\t\t<\/div>\n\t\t\t\t\t<\/div>\n\t\t<\/div>\n\t\t\t\t<div class=\"elementor-column elementor-col-50 elementor-inner-column elementor-element elementor-element-8637922\" data-id=\"8637922\" data-element_type=\"column\" data-e-type=\"column\">\n\t\t\t<div class=\"elementor-widget-wrap elementor-element-populated\">\n\t\t\t\t\t\t<div class=\"elementor-element elementor-element-acac4e0 elementor-widget elementor-widget-text-editor\" data-id=\"acac4e0\" data-element_type=\"widget\" data-e-type=\"widget\" data-widget_type=\"text-editor.default\">\n\t\t\t\t\t\t\t\t\t<p>Materie prime controllate.<br \/>100% Naturale Non OGM<\/p>\t\t\t\t\t\t\t\t<\/div>\n\t\t\t\t\t<\/div>\n\t\t<\/div>\n\t\t\t\t\t<\/div>\n\t\t<\/section>\n\t\t\t\t<section class=\"elementor-section elementor-inner-section elementor-element elementor-element-238b8a8f elementor-section-boxed elementor-section-height-default elementor-section-height-default\" data-id=\"238b8a8f\" data-element_type=\"section\" data-e-type=\"section\">\n\t\t\t\t\t\t<div class=\"elementor-container elementor-column-gap-default\">\n\t\t\t\t\t<div class=\"elementor-column elementor-col-50 elementor-inner-column elementor-element elementor-element-11061931\" data-id=\"11061931\" data-element_type=\"column\" data-e-type=\"column\">\n\t\t\t<div class=\"elementor-widget-wrap elementor-element-populated\">\n\t\t\t\t\t\t<div class=\"elementor-element elementor-element-5158604b elementor-view-default elementor-widget elementor-widget-icon\" data-id=\"5158604b\" data-element_type=\"widget\" data-e-type=\"widget\" data-widget_type=\"icon.default\">\n\t\t\t\t\t\t\t<div class=\"elementor-icon-wrapper\">\n\t\t\t<div class=\"elementor-icon\">\n\t\t\t<i aria-hidden=\"true\" class=\"smartic-icon- smartic-icon-organic\"><\/i>\t\t\t<\/div>\n\t\t<\/div>\n\t\t\t\t\t\t<\/div>\n\t\t\t\t\t<\/div>\n\t\t<\/div>\n\t\t\t\t<div class=\"elementor-column elementor-col-50 elementor-inner-column elementor-element elementor-element-2eb617b3\" data-id=\"2eb617b3\" data-element_type=\"column\" data-e-type=\"column\">\n\t\t\t<div class=\"elementor-widget-wrap elementor-element-populated\">\n\t\t\t\t\t\t<div class=\"elementor-element elementor-element-226194cc elementor-widget elementor-widget-text-editor\" data-id=\"226194cc\" data-element_type=\"widget\" data-e-type=\"widget\" data-widget_type=\"text-editor.default\">\n\t\t\t\t\t\t\t\t\t<p>Non contiene coloranti artificiali, aromi, conservanti, latticini, glutine, lattosio, soia, zucchero, grano o lievito.\u00a0<\/p>\t\t\t\t\t\t\t\t<\/div>\n\t\t\t\t\t<\/div>\n\t\t<\/div>\n\t\t\t\t\t<\/div>\n\t\t<\/section>\n\t\t\t\t<section class=\"elementor-section elementor-inner-section elementor-element elementor-element-72c84e02 elementor-section-boxed elementor-section-height-default elementor-section-height-default\" data-id=\"72c84e02\" data-element_type=\"section\" data-e-type=\"section\">\n\t\t\t\t\t\t<div class=\"elementor-container elementor-column-gap-default\">\n\t\t\t\t\t<div class=\"elementor-column elementor-col-50 elementor-inner-column elementor-element elementor-element-7323809c\" data-id=\"7323809c\" data-element_type=\"column\" data-e-type=\"column\">\n\t\t\t<div class=\"elementor-widget-wrap elementor-element-populated\">\n\t\t\t\t\t\t<div class=\"elementor-element elementor-element-74fcddea elementor-view-default elementor-widget elementor-widget-icon\" data-id=\"74fcddea\" data-element_type=\"widget\" data-e-type=\"widget\" data-widget_type=\"icon.default\">\n\t\t\t\t\t\t\t<div class=\"elementor-icon-wrapper\">\n\t\t\t<div class=\"elementor-icon\">\n\t\t\t<i aria-hidden=\"true\" class=\"smartic-icon- smartic-icon-quality\"><\/i>\t\t\t<\/div>\n\t\t<\/div>\n\t\t\t\t\t\t<\/div>\n\t\t\t\t\t<\/div>\n\t\t<\/div>\n\t\t\t\t<div class=\"elementor-column elementor-col-50 elementor-inner-column elementor-element elementor-element-6998fdc4\" data-id=\"6998fdc4\" data-element_type=\"column\" data-e-type=\"column\">\n\t\t\t<div class=\"elementor-widget-wrap elementor-element-populated\">\n\t\t\t\t\t\t<div class=\"elementor-element elementor-element-54c66fc7 elementor-widget elementor-widget-text-editor\" data-id=\"54c66fc7\" data-element_type=\"widget\" data-e-type=\"widget\" data-widget_type=\"text-editor.default\">\n\t\t\t\t\t\t\t\t\t<p>Laboratorio certificato ISO 9001<br \/>Buone pratiche di fabbricazione certificate<\/p>\t\t\t\t\t\t\t\t<\/div>\n\t\t\t\t\t<\/div>\n\t\t<\/div>\n\t\t\t\t\t<\/div>\n\t\t<\/section>\n\t\t\t\t<div class=\"elementor-element elementor-element-4d247a6d elementor-widget-divider--view-line elementor-widget elementor-widget-divider\" data-id=\"4d247a6d\" data-element_type=\"widget\" data-e-type=\"widget\" data-widget_type=\"divider.default\">\n\t\t\t\t\t\t\t<div class=\"elementor-divider\">\n\t\t\t<span class=\"elementor-divider-separator\">\n\t\t\t\t\t\t<\/span>\n\t\t<\/div>\n\t\t\t\t\t\t<\/div>\n\t\t\t\t\t<\/div>\n\t\t<\/div>\n\t\t\t\t\t<\/div>\n\t\t<\/section>\n\t\t\t\t<section class=\"elementor-section elementor-top-section elementor-element elementor-element-63279be7 elementor-section-boxed elementor-section-height-default elementor-section-height-default\" data-id=\"63279be7\" data-element_type=\"section\" data-e-type=\"section\">\n\t\t\t\t\t\t<div class=\"elementor-container elementor-column-gap-default\">\n\t\t\t\t\t<div class=\"elementor-column elementor-col-100 elementor-top-column elementor-element elementor-element-10e2180\" data-id=\"10e2180\" data-element_type=\"column\" data-e-type=\"column\">\n\t\t\t<div class=\"elementor-widget-wrap elementor-element-populated\">\n\t\t\t\t\t\t<div class=\"elementor-element elementor-element-1c8a26dd elementor-widget elementor-widget-text-editor\" data-id=\"1c8a26dd\" data-element_type=\"widget\" data-e-type=\"widget\" data-widget_type=\"text-editor.default\">\n\t\t\t\t\t\t\t\t\t<p><span style=\"color: #33cccc;\"><strong>Glucosamina HCL:<\/strong><\/span> La glucosamina \u00e8 essenziale per la costruzione delle articolazioni e della \"colla\" cellulare che tiene insieme l'intero organismo.<br \/>La glucosamina HCL contenuta nella formula di supporto alle articolazioni Naturo-Flex proviene da fonti vegane ed \u00e8 anche in forma alimentare biodisponibile, per il massimo assorbimento e utilizzo da parte dell'organismo.<\/p><p><span style=\"color: #33cccc;\"><strong>MSM:<\/strong><\/span> MSM \u00e8 l'abbreviazione di Metilsulfonilmetano, una fonte di un minerale essenziale coinvolto in una moltitudine di funzioni chiave dell'organismo, tra cui il controllo del dolore, la regolazione dell'infiammazione, la disintossicazione e la costruzione dei tessuti.\u00a0<\/p><p><span style=\"color: #33cccc;\"><b>Rosa canina<\/b><strong>\u00a0e ciliegia Montmorency<\/strong>:<\/span> Le ciliegie Montmorency sono considerate un superfrutto perch\u00e9 sono ricche di sostanze nutritive, tra cui potenti antiossidanti e flavonoidi. Sono utilizzate come antidolorifico naturale. Anche la rosa canina \u00e8 naturalmente ricca di vitamina C, un potente antiossidante.<\/p><p><span style=\"color: #33cccc;\"><strong>Foglia di ortica<\/strong>:<\/span> Le ortiche sono naturalmente ricche di clorofilla (un potente fitochimico), vitamina C (un potente antiossidante), serotonina, istamina, acetilcolina e minerali benefici, tra cui ferro, calcio e silice.<\/p><p><span style=\"color: #33cccc;\"><strong>Zenzero e curcuma<\/strong>:<\/span> La curcuma e lo zenzero sono entrambe erbe che aiutano naturalmente a ridurre i livelli di leucotrieni che causano dolore e infiammazione nell'organismo.\u00a0<\/p><p><span style=\"color: #33cccc;\"><strong>Panax ginseng coreano:<\/strong><\/span> Questa pianta contiene due importanti composti: i ginsenosidi e la gintonina. Questi composti si completano a vicenda per offrire una serie di potenziali benefici per la salute, come l'attivit\u00e0 antiossidante e l'azione antinfiammatoria.<\/p><p><span style=\"color: #33cccc;\"><strong>Aceto di sidro di mele:<\/strong><\/span> La pectina contenuta nell'aceto di sidro di mele aiuta a eliminare le tossine dall'organismo.<\/p><p><span style=\"color: #33cccc;\"><strong>Bromelina:<\/strong><\/span> La bromelina \u00e8 un enzima derivato dal succo di ananas. Aiuta a ridurre i livelli di infiammazione nell'organismo.<br \/>La bromelina sta diventando sempre pi\u00f9 popolare anche tra gli atleti che subiscono lesioni frequenti a causa dell'usura delle articolazioni.<\/p><p><span style=\"color: #33cccc;\"><strong>Equiseto<\/strong>:<\/span> Questa erba comune favorisce l'assorbimento e l'utilizzo di calcio, silice e sali minerali (tra cui potassio, manganese, magnesio, zolfo e calcio). La carenza di silice tende a precedere la perdita di calcio, che porta alla demineralizzazione delle ossa.<\/p><p><span style=\"color: #33cccc;\"><strong>Kelp:<\/strong><\/span>\u00a0Il kelp pu\u00f2 essere utile quando il dolore articolare \u00e8 causato da un accumulo di tossine nell'organismo. \u00c8 un potente disintossicante che immette nell'organismo alginati che si legano alle sostanze chimiche tossiche e ne permettono l'eliminazione sicura attraverso il tratto digestivo.<\/p><p><span style=\"color: #33cccc;\"><strong>Papaina:<\/strong><\/span> La papaina \u00e8 un enzima non animale derivato dalla papaia, che favorisce il processo digestivo. \"Arthritis Today\", la rivista sulla salute dei consumatori pubblicata dalla Arthritis Foundation, afferma che la papaina \u00e8 benefica per le persone che soffrono di artrite di tipo infiammatorio e non infiammatorio.<\/p><p><span style=\"color: #33cccc;\"><strong>Vitamina C:<\/strong><\/span> La vitamina C \u00e8 stata aggiunta a questa formula perch\u00e9 \u00e8 un cofattore nella sintesi del collagene. Contribuisce alla normale formazione del collagene per il normale funzionamento di vasi sanguigni, ossa, cartilagini, gengive, pelle e denti.<\/p>\t\t\t\t\t\t\t\t<\/div>\n\t\t\t\t<div class=\"elementor-element elementor-element-4719dc80 elementor-widget-divider--view-line elementor-widget elementor-widget-divider\" data-id=\"4719dc80\" data-element_type=\"widget\" data-e-type=\"widget\" data-widget_type=\"divider.default\">\n\t\t\t\t\t\t\t<div class=\"elementor-divider\">\n\t\t\t<span class=\"elementor-divider-separator\">\n\t\t\t\t\t\t<\/span>\n\t\t<\/div>\n\t\t\t\t\t\t<\/div>\n\t\t\t\t\t<\/div>\n\t\t<\/div>\n\t\t\t\t\t<\/div>\n\t\t<\/section>\n\t\t\t\t<section class=\"elementor-section elementor-top-section elementor-element elementor-element-4e38e7fb elementor-section-boxed elementor-section-height-default elementor-section-height-default\" data-id=\"4e38e7fb\" data-element_type=\"section\" data-e-type=\"section\" data-settings=\"{&quot;background_background&quot;:&quot;classic&quot;}\">\n\t\t\t\t\t\t<div class=\"elementor-container elementor-column-gap-default\">\n\t\t\t\t\t<div class=\"elementor-column elementor-col-100 elementor-top-column elementor-element elementor-element-61f8d5d8\" data-id=\"61f8d5d8\" data-element_type=\"column\" data-e-type=\"column\">\n\t\t\t<div class=\"elementor-widget-wrap elementor-element-populated\">\n\t\t\t\t\t\t<div class=\"elementor-element elementor-element-793786c elementor-widget elementor-widget-text-editor\" data-id=\"793786c\" data-element_type=\"widget\" data-e-type=\"widget\" data-widget_type=\"text-editor.default\">\n\t\t\t\t\t\t\t\t\t<p><strong>Ingredienti:<\/strong> Glucosamina cloridrato in polvere (HCL), Metilsulfonilmetano in polvere (MSM), Capsula in gel: Idrossipropilmetilcellulosa (HPMC), Agente di carica: Farina di riso integrale, Estratto di curcuma, Antiagglomerante: Magnesio stearato (fonte vegetale), Estratto di foglie di ortica, Ciliegia Montmorency in polvere, Acido ascorbico (vitamina C), Estratto di Panax Ginseng coreano, Aceto di sidro di mele in polvere, Bromelina (1.200 GDU\/g), Estratto di equiseto, Papaina (2.000 u\/mg), Estratto di rosa canina, Estratto di radice di zenzero, Estratto di kelp.<\/p>\t\t\t\t\t\t\t\t<\/div>\n\t\t\t\t\t<\/div>\n\t\t<\/div>\n\t\t\t\t\t<\/div>\n\t\t<\/section>\n\t\t\t\t<section class=\"elementor-section elementor-top-section elementor-element elementor-element-2265ab88 elementor-section-boxed elementor-section-height-default elementor-section-height-default\" data-id=\"2265ab88\" data-element_type=\"section\" data-e-type=\"section\">\n\t\t\t\t\t\t<div class=\"elementor-container elementor-column-gap-default\">\n\t\t\t\t\t<div class=\"elementor-column elementor-col-100 elementor-top-column elementor-element elementor-element-2052f985\" data-id=\"2052f985\" data-element_type=\"column\" data-e-type=\"column\">\n\t\t\t<div class=\"elementor-widget-wrap elementor-element-populated\">\n\t\t\t\t\t\t<div class=\"elementor-element elementor-element-58d86c70 elementor-widget-divider--view-line elementor-widget elementor-widget-divider\" data-id=\"58d86c70\" data-element_type=\"widget\" data-e-type=\"widget\" data-widget_type=\"divider.default\">\n\t\t\t\t\t\t\t<div class=\"elementor-divider\">\n\t\t\t<span class=\"elementor-divider-separator\">\n\t\t\t\t\t\t<\/span>\n\t\t<\/div>\n\t\t\t\t\t\t<\/div>\n\t\t\t\t<div class=\"elementor-element elementor-element-572d1ed0 elementor-widget elementor-widget-text-editor\" data-id=\"572d1ed0\" data-element_type=\"widget\" data-e-type=\"widget\" data-widget_type=\"text-editor.default\">\n\t\t\t\t\t\t\t\t\t<p><span style=\"color: #008000;\"><strong>Indicazioni sulla salute approvate dall'EFSA (Autorit\u00e0 europea per la sicurezza alimentare)<\/strong>:<\/span><\/p><ul><li><span style=\"color: #ff9900;\">Vitamina C<\/span> \u00e8 un cofattore nella sintesi del collagene. Contribuisce alla normale formazione del collagene per il normale funzionamento di vasi sanguigni, ossa, cartilagine, gengive, pelle e denti. Contribuisce inoltre al mantenimento del normale funzionamento del sistema immunitario, nonch\u00e9 al normale metabolismo energetico, al normale funzionamento del sistema nervoso, alla normale funzione psicologica, alla protezione delle cellule dallo stress ossidativo, alla riduzione della stanchezza e dell'esaurimento, alla rigenerazione della forma ridotta della vitamina E e a un maggiore assorbimento del ferro.<\/li><\/ul>\t\t\t\t\t\t\t\t<\/div>\n\t\t\t\t\t<\/div>\n\t\t<\/div>\n\t\t\t\t\t<\/div>\n\t\t<\/section>\n\t\t\t\t<\/div>","protected":false},"excerpt":{"rendered":"<p><strong data-start=\"387\" data-end=\"402\">Naturo-Flex<\/strong> associa glucosamina HCL, MSM, vitamina C ed estratti vegetali selezionati (curcuma, zenzero, ortica...). Una formula completa per sostenere quotidianamente il benessere delle articolazioni, la cartilagine e la mobilit\u00e0, contribuendo al contempo alla normale formazione del collagene.<\/p>","protected":false},"featured_media":18626,"comment_status":"open","ping_status":"closed","template":"","meta":{"inline_featured_image":false,"iawp_total_views":44},"product_cat":[98,140,102,122],"product_tag":[],"class_list":{"0":"post-18874","1":"product","2":"type-product","3":"status-publish","4":"has-post-thumbnail","6":"product_cat-energie","7":"product_cat-sans-gluten","8":"product_cat-soutien-osseux-articulaire","9":"product_cat-vegetarien-vegetalien","11":"first","12":"outofstock","13":"featured","14":"shipping-taxable","15":"purchasable","16":"product-type-simple"},"delivery_text_html":"<div class=\"rp_estimated_date rp_outofstock dpid_18874\" data-pid=\"18874\" data-loaded=\"false\"><span class=\"rp_text\"><\/span><\/div>","delivery_time":1775433600,"_links":{"self":[{"href":"https:\/\/www.naturopharma.net\/it\/wp-json\/wp\/v2\/product\/18874","targetHints":{"allow":["GET"]}}],"collection":[{"href":"https:\/\/www.naturopharma.net\/it\/wp-json\/wp\/v2\/product"}],"about":[{"href":"https:\/\/www.naturopharma.net\/it\/wp-json\/wp\/v2\/types\/product"}],"replies":[{"embeddable":true,"href":"https:\/\/www.naturopharma.net\/it\/wp-json\/wp\/v2\/comments?post=18874"}],"version-history":[{"count":3,"href":"https:\/\/www.naturopharma.net\/it\/wp-json\/wp\/v2\/product\/18874\/revisions"}],"predecessor-version":[{"id":27356,"href":"https:\/\/www.naturopharma.net\/it\/wp-json\/wp\/v2\/product\/18874\/revisions\/27356"}],"wp:featuredmedia":[{"embeddable":true,"href":"https:\/\/www.naturopharma.net\/it\/wp-json\/wp\/v2\/media\/18626"}],"wp:attachment":[{"href":"https:\/\/www.naturopharma.net\/it\/wp-json\/wp\/v2\/media?parent=18874"}],"wp:term":[{"taxonomy":"product_cat","embeddable":true,"href":"https:\/\/www.naturopharma.net\/it\/wp-json\/wp\/v2\/product_cat?post=18874"},{"taxonomy":"product_tag","embeddable":true,"href":"https:\/\/www.naturopharma.net\/it\/wp-json\/wp\/v2\/product_tag?post=18874"}],"curies":[{"name":"wp","href":"https:\/\/api.w.org\/{rel}","templated":true}]}}