{"id":17774,"date":"2021-12-01T09:15:24","date_gmt":"2021-12-01T08:15:24","guid":{"rendered":"http:\/\/www.naturopharma.net\/?post_type=product&#038;p=17774"},"modified":"2026-01-31T09:40:22","modified_gmt":"2026-01-31T08:40:22","slug":"omega-3-huile-de-krill","status":"publish","type":"product","link":"https:\/\/www.naturopharma.net\/it\/boutique\/omega-3-huile-de-krill\/","title":{"rendered":"Olio di krill 500 mg"},"content":{"rendered":"<div data-elementor-type=\"product-post\" data-elementor-id=\"17774\" class=\"elementor elementor-17774\" data-elementor-post-type=\"product\">\n\t\t\t\t\t\t<section class=\"elementor-section elementor-top-section elementor-element elementor-element-26386e7 elementor-section-boxed elementor-section-height-default elementor-section-height-default\" data-id=\"26386e7\" data-element_type=\"section\" data-e-type=\"section\">\n\t\t\t\t\t\t<div class=\"elementor-container elementor-column-gap-default\">\n\t\t\t\t\t<div class=\"elementor-column elementor-col-100 elementor-top-column elementor-element elementor-element-35281eea\" data-id=\"35281eea\" data-element_type=\"column\" data-e-type=\"column\">\n\t\t\t<div class=\"elementor-widget-wrap elementor-element-populated\">\n\t\t\t\t\t\t<div class=\"elementor-element elementor-element-5663bb9f elementor-widget elementor-widget-text-editor\" data-id=\"5663bb9f\" data-element_type=\"widget\" data-e-type=\"widget\" data-widget_type=\"text-editor.default\">\n\t\t\t\t\t\t\t\t\t<h4><span style=\"color: #339966;\">Omega 3 (500 mg): olio di krill antartico<\/span><\/h4>\t\t\t\t\t\t\t\t<\/div>\n\t\t\t\t<div class=\"elementor-element elementor-element-78c5655a elementor-widget-divider--view-line elementor-widget elementor-widget-divider\" data-id=\"78c5655a\" data-element_type=\"widget\" data-e-type=\"widget\" data-widget_type=\"divider.default\">\n\t\t\t\t\t\t\t<div class=\"elementor-divider\">\n\t\t\t<span class=\"elementor-divider-separator\">\n\t\t\t\t\t\t<\/span>\n\t\t<\/div>\n\t\t\t\t\t\t<\/div>\n\t\t\t\t\t<\/div>\n\t\t<\/div>\n\t\t\t\t\t<\/div>\n\t\t<\/section>\n\t\t\t\t<section class=\"elementor-section elementor-top-section elementor-element elementor-element-1f1a0d05 elementor-section-boxed elementor-section-height-default elementor-section-height-default\" data-id=\"1f1a0d05\" data-element_type=\"section\" data-e-type=\"section\">\n\t\t\t\t\t\t<div class=\"elementor-container elementor-column-gap-default\">\n\t\t\t\t\t<div class=\"elementor-column elementor-col-100 elementor-top-column elementor-element elementor-element-29c44e3\" data-id=\"29c44e3\" data-element_type=\"column\" data-e-type=\"column\">\n\t\t\t<div class=\"elementor-widget-wrap elementor-element-populated\">\n\t\t\t\t\t\t<div class=\"elementor-element elementor-element-11102359 elementor-widget elementor-widget-text-editor\" data-id=\"11102359\" data-element_type=\"widget\" data-e-type=\"widget\" data-widget_type=\"text-editor.default\">\n\t\t\t\t\t\t\t\t\t<p><span style=\"color: #ff6600;\"><strong>Olio di krill antartico<\/strong><\/span> (\u00a0<strong><em>Euphausia superba<\/em><\/strong>\u00a0) \u00e8 una fonte naturale di olio Omega 3 altamente concentrato, del potente antiossidante astaxantina e di alti livelli di fosfolipidi, una componente fondamentale delle membrane cellulari umane. Contiene due tipi di acidi grassi Omega 3: l'acido eicosapentaenoico (\u00a0<strong>EPA<\/strong>\u00a0) e l'acido docosaesaenoico (\u00a0<strong>DHA<\/strong>\u00a0).<\/p><p>L'olio di krill viene utilizzato per gli stessi motivi dell'olio di fegato di merluzzo, dell'olio di semi di lino e di altri acidi grassi omega 3, ma \u00e8 spesso preferito perch\u00e9 non provoca rutti o retrogusto di pesce, un effetto collaterale comune dell'olio di pesce.<\/p><p>Anche il fatto che contenga astaxantina \u00e8 unico. L'antiossidante per eccellenza - i ricercatori hanno scoperto che pu\u00f2 essere pi\u00f9 potente della vitamina E, del beta-carotene e della luteina. Pu\u00f2 anche rafforzare l'azione di altri antiossidanti, come le vitamine E e C.<\/p><p>Il nostro olio di krill \u00e8 una formula ad alta resistenza (\u00a0<strong>500 mg<\/strong>\u00a0), fornito in una capsula di gel marino facile da ingerire. Proviene esclusivamente da pesca antartica sostenibile, attraverso i nostri partner Aker BioMarine\u2122 che collaborano con la World Wildlife Foundation Norway per garantire una raccolta sostenibile del krill.<\/p><p>Per capsula da 715 mg: Olio di krill (Superba) - 500 mg, di cui... Fosfolipidi totali (di cui Fosfatidilcolina 150mg, di cui Colina 25mg) - 200mg Omega 3 (di cui EPA 60mg, DHA 27,5mg) - 110mg Astaxantina - 50mcg<\/p>\t\t\t\t\t\t\t\t<\/div>\n\t\t\t\t<div class=\"elementor-element elementor-element-3ca77b45 elementor-widget-divider--view-line elementor-widget elementor-widget-divider\" data-id=\"3ca77b45\" data-element_type=\"widget\" data-e-type=\"widget\" data-widget_type=\"divider.default\">\n\t\t\t\t\t\t\t<div class=\"elementor-divider\">\n\t\t\t<span class=\"elementor-divider-separator\">\n\t\t\t\t\t\t<\/span>\n\t\t<\/div>\n\t\t\t\t\t\t<\/div>\n\t\t\t\t\t<\/div>\n\t\t<\/div>\n\t\t\t\t\t<\/div>\n\t\t<\/section>\n\t\t\t\t<section class=\"elementor-section elementor-top-section elementor-element elementor-element-4f7768c7 elementor-section-boxed elementor-section-height-default elementor-section-height-default\" data-id=\"4f7768c7\" data-element_type=\"section\" data-e-type=\"section\">\n\t\t\t\t\t\t<div class=\"elementor-container elementor-column-gap-default\">\n\t\t\t\t\t<div class=\"elementor-column elementor-col-100 elementor-top-column elementor-element elementor-element-8363656\" data-id=\"8363656\" data-element_type=\"column\" data-e-type=\"column\">\n\t\t\t<div class=\"elementor-widget-wrap elementor-element-populated\">\n\t\t\t\t\t\t<section class=\"elementor-section elementor-inner-section elementor-element elementor-element-60f009a9 elementor-section-boxed elementor-section-height-default elementor-section-height-default\" data-id=\"60f009a9\" data-element_type=\"section\" data-e-type=\"section\">\n\t\t\t\t\t\t<div class=\"elementor-container elementor-column-gap-default\">\n\t\t\t\t\t<div class=\"elementor-column elementor-col-50 elementor-inner-column elementor-element elementor-element-6b370bd9\" data-id=\"6b370bd9\" data-element_type=\"column\" data-e-type=\"column\">\n\t\t\t<div class=\"elementor-widget-wrap elementor-element-populated\">\n\t\t\t\t\t\t<div class=\"elementor-element elementor-element-6f2ae989 elementor-view-default elementor-widget elementor-widget-icon\" data-id=\"6f2ae989\" data-element_type=\"widget\" data-e-type=\"widget\" data-widget_type=\"icon.default\">\n\t\t\t\t\t\t\t<div class=\"elementor-icon-wrapper\">\n\t\t\t<div class=\"elementor-icon\">\n\t\t\t<i aria-hidden=\"true\" class=\"smartic-icon- smartic-icon-eco\"><\/i>\t\t\t<\/div>\n\t\t<\/div>\n\t\t\t\t\t\t<\/div>\n\t\t\t\t\t<\/div>\n\t\t<\/div>\n\t\t\t\t<div class=\"elementor-column elementor-col-50 elementor-inner-column elementor-element elementor-element-26f89e70\" data-id=\"26f89e70\" data-element_type=\"column\" data-e-type=\"column\">\n\t\t\t<div class=\"elementor-widget-wrap elementor-element-populated\">\n\t\t\t\t\t\t<div class=\"elementor-element elementor-element-c9b9964 elementor-widget elementor-widget-text-editor\" data-id=\"c9b9964\" data-element_type=\"widget\" data-e-type=\"widget\" data-widget_type=\"text-editor.default\">\n\t\t\t\t\t\t\t\t\t<p>Materia prima controllata proveniente da una pesca eco-responsabile.<br \/>100% Naturale Non OGM<\/p>\t\t\t\t\t\t\t\t<\/div>\n\t\t\t\t\t<\/div>\n\t\t<\/div>\n\t\t\t\t\t<\/div>\n\t\t<\/section>\n\t\t\t\t<section class=\"elementor-section elementor-inner-section elementor-element elementor-element-430bf4fe elementor-section-boxed elementor-section-height-default elementor-section-height-default\" data-id=\"430bf4fe\" data-element_type=\"section\" data-e-type=\"section\">\n\t\t\t\t\t\t<div class=\"elementor-container elementor-column-gap-default\">\n\t\t\t\t\t<div class=\"elementor-column elementor-col-50 elementor-inner-column elementor-element elementor-element-19c61894\" data-id=\"19c61894\" data-element_type=\"column\" data-e-type=\"column\">\n\t\t\t<div class=\"elementor-widget-wrap elementor-element-populated\">\n\t\t\t\t\t\t<div class=\"elementor-element elementor-element-4589c84 elementor-view-default elementor-widget elementor-widget-icon\" data-id=\"4589c84\" data-element_type=\"widget\" data-e-type=\"widget\" data-widget_type=\"icon.default\">\n\t\t\t\t\t\t\t<div class=\"elementor-icon-wrapper\">\n\t\t\t<div class=\"elementor-icon\">\n\t\t\t<i aria-hidden=\"true\" class=\"smartic-icon- smartic-icon-organic\"><\/i>\t\t\t<\/div>\n\t\t<\/div>\n\t\t\t\t\t\t<\/div>\n\t\t\t\t\t<\/div>\n\t\t<\/div>\n\t\t\t\t<div class=\"elementor-column elementor-col-50 elementor-inner-column elementor-element elementor-element-60ac803a\" data-id=\"60ac803a\" data-element_type=\"column\" data-e-type=\"column\">\n\t\t\t<div class=\"elementor-widget-wrap elementor-element-populated\">\n\t\t\t\t\t\t<div class=\"elementor-element elementor-element-5354eac3 elementor-widget elementor-widget-text-editor\" data-id=\"5354eac3\" data-element_type=\"widget\" data-e-type=\"widget\" data-widget_type=\"text-editor.default\">\n\t\t\t\t\t\t\t\t\t<p>Non contiene coloranti artificiali, aromi, conservanti, latticini, glutine, lattosio, soia, zucchero, grano o lievito.\u00a0<\/p>\t\t\t\t\t\t\t\t<\/div>\n\t\t\t\t\t<\/div>\n\t\t<\/div>\n\t\t\t\t\t<\/div>\n\t\t<\/section>\n\t\t\t\t<section class=\"elementor-section elementor-inner-section elementor-element elementor-element-5e5e24de elementor-section-boxed elementor-section-height-default elementor-section-height-default\" data-id=\"5e5e24de\" data-element_type=\"section\" data-e-type=\"section\">\n\t\t\t\t\t\t<div class=\"elementor-container elementor-column-gap-default\">\n\t\t\t\t\t<div class=\"elementor-column elementor-col-50 elementor-inner-column elementor-element elementor-element-6223d63\" data-id=\"6223d63\" data-element_type=\"column\" data-e-type=\"column\">\n\t\t\t<div class=\"elementor-widget-wrap elementor-element-populated\">\n\t\t\t\t\t\t<div class=\"elementor-element elementor-element-4c9a1c61 elementor-view-default elementor-widget elementor-widget-icon\" data-id=\"4c9a1c61\" data-element_type=\"widget\" data-e-type=\"widget\" data-widget_type=\"icon.default\">\n\t\t\t\t\t\t\t<div class=\"elementor-icon-wrapper\">\n\t\t\t<div class=\"elementor-icon\">\n\t\t\t<i aria-hidden=\"true\" class=\"smartic-icon- smartic-icon-quality\"><\/i>\t\t\t<\/div>\n\t\t<\/div>\n\t\t\t\t\t\t<\/div>\n\t\t\t\t\t<\/div>\n\t\t<\/div>\n\t\t\t\t<div class=\"elementor-column elementor-col-50 elementor-inner-column elementor-element elementor-element-4f989851\" data-id=\"4f989851\" data-element_type=\"column\" data-e-type=\"column\">\n\t\t\t<div class=\"elementor-widget-wrap elementor-element-populated\">\n\t\t\t\t\t\t<div class=\"elementor-element elementor-element-1fb63500 elementor-widget elementor-widget-text-editor\" data-id=\"1fb63500\" data-element_type=\"widget\" data-e-type=\"widget\" data-widget_type=\"text-editor.default\">\n\t\t\t\t\t\t\t\t\t<p>Laboratorio certificato ISO 9001<br \/>Buone pratiche di fabbricazione certificate<\/p>\t\t\t\t\t\t\t\t<\/div>\n\t\t\t\t\t<\/div>\n\t\t<\/div>\n\t\t\t\t\t<\/div>\n\t\t<\/section>\n\t\t\t\t<div class=\"elementor-element elementor-element-49da10cd elementor-widget-divider--view-line elementor-widget elementor-widget-divider\" data-id=\"49da10cd\" data-element_type=\"widget\" data-e-type=\"widget\" data-widget_type=\"divider.default\">\n\t\t\t\t\t\t\t<div class=\"elementor-divider\">\n\t\t\t<span class=\"elementor-divider-separator\">\n\t\t\t\t\t\t<\/span>\n\t\t<\/div>\n\t\t\t\t\t\t<\/div>\n\t\t\t\t\t<\/div>\n\t\t<\/div>\n\t\t\t\t\t<\/div>\n\t\t<\/section>\n\t\t\t\t<section class=\"elementor-section elementor-top-section elementor-element elementor-element-5ceee78f elementor-section-boxed elementor-section-height-default elementor-section-height-default\" data-id=\"5ceee78f\" data-element_type=\"section\" data-e-type=\"section\" data-settings=\"{&quot;background_background&quot;:&quot;classic&quot;}\">\n\t\t\t\t\t\t<div class=\"elementor-container elementor-column-gap-default\">\n\t\t\t\t\t<div class=\"elementor-column elementor-col-100 elementor-top-column elementor-element elementor-element-4f617fd0\" data-id=\"4f617fd0\" data-element_type=\"column\" data-e-type=\"column\">\n\t\t\t<div class=\"elementor-widget-wrap elementor-element-populated\">\n\t\t\t\t\t\t<div class=\"elementor-element elementor-element-5ffe9b8f elementor-widget elementor-widget-text-editor\" data-id=\"5ffe9b8f\" data-element_type=\"widget\" data-e-type=\"widget\" data-widget_type=\"text-editor.default\">\n\t\t\t\t\t\t\t\t\t<p><strong>Composizione:<\/strong>\u00a0Estratto di olio di krill (Euphausia Superba) (<strong>\u00a0crostacei<\/strong>\u00a0), involucro della capsula (gelatina bovina), glicerolo, acqua.<\/p><p><strong>AVVISO DI ALLERGIA :<\/strong>\u00a0Non adatto a persone allergiche al pesce o ai crostacei. Le persone che soffrono di coagulopatia o che assumono anticoagulanti devono consultare il proprio medico prima dell'uso. Non adatto a donne in gravidanza o in fase di allattamento.<\/p>\t\t\t\t\t\t\t\t<\/div>\n\t\t\t\t\t<\/div>\n\t\t<\/div>\n\t\t\t\t\t<\/div>\n\t\t<\/section>\n\t\t\t\t<section class=\"elementor-section elementor-top-section elementor-element elementor-element-12b9746b elementor-section-boxed elementor-section-height-default elementor-section-height-default\" data-id=\"12b9746b\" data-element_type=\"section\" data-e-type=\"section\">\n\t\t\t\t\t\t<div class=\"elementor-container elementor-column-gap-default\">\n\t\t\t\t\t<div class=\"elementor-column elementor-col-100 elementor-top-column elementor-element elementor-element-760b573b\" data-id=\"760b573b\" data-element_type=\"column\" data-e-type=\"column\">\n\t\t\t<div class=\"elementor-widget-wrap elementor-element-populated\">\n\t\t\t\t\t\t<div class=\"elementor-element elementor-element-9c99f4d elementor-widget-divider--view-line elementor-widget elementor-widget-divider\" data-id=\"9c99f4d\" data-element_type=\"widget\" data-e-type=\"widget\" data-widget_type=\"divider.default\">\n\t\t\t\t\t\t\t<div class=\"elementor-divider\">\n\t\t\t<span class=\"elementor-divider-separator\">\n\t\t\t\t\t\t<\/span>\n\t\t<\/div>\n\t\t\t\t\t\t<\/div>\n\t\t\t\t<div class=\"elementor-element elementor-element-1cca303 elementor-widget elementor-widget-text-editor\" data-id=\"1cca303\" data-element_type=\"widget\" data-e-type=\"widget\" data-widget_type=\"text-editor.default\">\n\t\t\t\t\t\t\t\t\t<p><span style=\"color: #008000;\"><strong>Indicazioni sulla salute approvate dall'EFSA (Autorit\u00e0 europea per la sicurezza alimentare):<\/strong><\/span><\/p><ul><li>L'EPA e il DHA contribuiscono al normale funzionamento del cuore (con una dose giornaliera di 250 mg).<\/li><li>Il DHA e l'EPA contribuiscono al mantenimento di una pressione sanguigna normale (con un'assunzione giornaliera di 3 g di EPA e DHA)*.<\/li><li>Il DHA contribuisce a mantenere normali i livelli di trigliceridi nel sangue (con un'assunzione giornaliera di 2 g di DHA e se assunto in combinazione con l'EPA)*.<\/li><li>Il DHA contribuisce al mantenimento della normale funzione cerebrale (con un apporto giornaliero di 250 mg di DHA).<\/li><li>Il DHA contribuisce al mantenimento di una vista normale (con un'assunzione giornaliera di 250 mg di DHA).<\/li><\/ul><p>*Gli utenti non dovrebbero superare un'assunzione giornaliera supplementare di 5 g di EPA e DHA combinati.<\/p>\t\t\t\t\t\t\t\t<\/div>\n\t\t\t\t\t<\/div>\n\t\t<\/div>\n\t\t\t\t\t<\/div>\n\t\t<\/section>\n\t\t\t\t<\/div>","protected":false},"excerpt":{"rendered":"<p><strong>Olio di krill antartico - Fonte naturale di Omega 3<\/strong><br \/>\nRicco di omega 3 e antiossidanti, il nostro olio di krill favorisce la salute del cuore e combatte le infiammazioni. Proveniente da pesca sostenibile, \u00e8 ideale per uno stile di vita sano.<br \/>\n<strong>Antiossidante, antinfiammatorio.<\/strong><br \/>\n<strong>Salute del cuore.<\/strong><\/p>","protected":false},"featured_media":18632,"comment_status":"open","ping_status":"closed","template":"","meta":{"inline_featured_image":false,"iawp_total_views":79},"product_cat":[97,99,100,141,118,107,140,101,102],"product_tag":[],"class_list":{"0":"post-17774","1":"product","2":"type-product","3":"status-publish","4":"has-post-thumbnail","6":"product_cat-antioxydants","7":"product_cat-fonction-cerebrale","8":"product_cat-immunite","9":"product_cat-omega-3","10":"product_cat-peau-cheveux-ongles","11":"product_cat-perte-de-poids","12":"product_cat-sans-gluten","13":"product_cat-sante-cardiaque","14":"product_cat-soutien-osseux-articulaire","16":"first","17":"outofstock","18":"featured","19":"shipping-taxable","20":"purchasable","21":"product-type-simple"},"delivery_text_html":"<div class=\"rp_estimated_date rp_outofstock dpid_17774\" data-pid=\"17774\" data-loaded=\"false\"><span class=\"rp_text\"><\/span><\/div>","delivery_time":1776038400,"_links":{"self":[{"href":"https:\/\/www.naturopharma.net\/it\/wp-json\/wp\/v2\/product\/17774","targetHints":{"allow":["GET"]}}],"collection":[{"href":"https:\/\/www.naturopharma.net\/it\/wp-json\/wp\/v2\/product"}],"about":[{"href":"https:\/\/www.naturopharma.net\/it\/wp-json\/wp\/v2\/types\/product"}],"replies":[{"embeddable":true,"href":"https:\/\/www.naturopharma.net\/it\/wp-json\/wp\/v2\/comments?post=17774"}],"version-history":[{"count":2,"href":"https:\/\/www.naturopharma.net\/it\/wp-json\/wp\/v2\/product\/17774\/revisions"}],"predecessor-version":[{"id":27353,"href":"https:\/\/www.naturopharma.net\/it\/wp-json\/wp\/v2\/product\/17774\/revisions\/27353"}],"wp:featuredmedia":[{"embeddable":true,"href":"https:\/\/www.naturopharma.net\/it\/wp-json\/wp\/v2\/media\/18632"}],"wp:attachment":[{"href":"https:\/\/www.naturopharma.net\/it\/wp-json\/wp\/v2\/media?parent=17774"}],"wp:term":[{"taxonomy":"product_cat","embeddable":true,"href":"https:\/\/www.naturopharma.net\/it\/wp-json\/wp\/v2\/product_cat?post=17774"},{"taxonomy":"product_tag","embeddable":true,"href":"https:\/\/www.naturopharma.net\/it\/wp-json\/wp\/v2\/product_tag?post=17774"}],"curies":[{"name":"wp","href":"https:\/\/api.w.org\/{rel}","templated":true}]}}