{"id":16227,"date":"2022-01-08T08:54:18","date_gmt":"2022-01-08T07:54:18","guid":{"rendered":"http:\/\/www.naturopharma.net\/?page_id=16227"},"modified":"2025-03-14T11:09:09","modified_gmt":"2025-03-14T10:09:09","slug":"conditions-generales-de-vente","status":"publish","type":"page","link":"https:\/\/www.naturopharma.net\/it\/conditions-generales-de-vente\/","title":{"rendered":"Termini e condizioni di vendita"},"content":{"rendered":"<div data-elementor-type=\"wp-page\" data-elementor-id=\"16227\" class=\"elementor elementor-16227\" data-elementor-post-type=\"page\">\n\t\t\t\t\t\t<section class=\"elementor-section elementor-top-section elementor-element elementor-element-3abd9026 elementor-section-boxed elementor-section-height-default elementor-section-height-default\" data-id=\"3abd9026\" data-element_type=\"section\" data-e-type=\"section\">\n\t\t\t\t\t\t<div class=\"elementor-container elementor-column-gap-default\">\n\t\t\t\t\t<div class=\"elementor-column elementor-col-100 elementor-top-column elementor-element elementor-element-6d0f27f1\" data-id=\"6d0f27f1\" data-element_type=\"column\" data-e-type=\"column\">\n\t\t\t<div class=\"elementor-widget-wrap elementor-element-populated\">\n\t\t\t\t\t\t<div class=\"elementor-element elementor-element-4b030e71 elementor-widget elementor-widget-text-editor\" data-id=\"4b030e71\" data-element_type=\"widget\" data-e-type=\"widget\" data-widget_type=\"text-editor.default\">\n\t\t\t\t\t\t\t\t\t<p><\/p>\n<p>Naturopharma<br \/>83 bld du pr\u00e9sident Wilson, 06400 Antibes.<br \/>Numero di telefono +33 (0)9 72 56 48 76.<br \/>Indirizzo e-mail contact@naturopharma.net.<br \/>Il responsabile della pubblicazione \u00e8 Naturopharma<\/p>\n<p><\/p>\n<p><\/p>\n<h1 class=\"wp-block-heading\" id=\"conditions-generales-de-vente-des-produits-vendus-sur-naturopharma\">Condizioni generali di vendita dei prodotti venduti su Naturopharma.net<\/h1>\n<p><\/p>\n<p><\/p>\n<p>Data dell'ultimo aggiornamento 01\/10\/2021<\/p>\n<p><\/p>\t\t\t\t\t\t\t\t<\/div>\n\t\t\t\t\t<\/div>\n\t\t<\/div>\n\t\t\t\t\t<\/div>\n\t\t<\/section>\n\t\t\t\t<section class=\"elementor-section elementor-top-section elementor-element elementor-element-f8381b5 elementor-section-boxed elementor-section-height-default elementor-section-height-default\" data-id=\"f8381b5\" data-element_type=\"section\" data-e-type=\"section\">\n\t\t\t\t\t\t<div class=\"elementor-container elementor-column-gap-default\">\n\t\t\t\t\t<div class=\"elementor-column elementor-col-100 elementor-top-column elementor-element elementor-element-5769b01\" data-id=\"5769b01\" data-element_type=\"column\" data-e-type=\"column\">\n\t\t\t<div class=\"elementor-widget-wrap elementor-element-populated\">\n\t\t\t\t\t\t<div class=\"elementor-element elementor-element-db95e1a elementor-widget elementor-widget-text-editor\" data-id=\"db95e1a\" data-element_type=\"widget\" data-e-type=\"widget\" data-widget_type=\"text-editor.default\">\n\t\t\t\t\t\t\t\t\t<p><strong>Condizioni generali di vendita (GTCS)<\/strong><\/p>\n<p><strong>Preambolo<\/strong><\/p>\n<p>Le presenti condizioni generali di vendita (CGV) regolano il rapporto contrattuale tra Naturopharma, la cui sede legale si trova all'83 Boulevard du Pr\u00e9sident Wilson, 06400 Antibes, FRANCIA, iscritta al Registro del Commercio e delle Imprese di Antibes con il numero 89766276, e qualsiasi persona fisica o giuridica (di seguito denominata \"il Cliente\") che desideri effettuare un acquisto dal sito web. <a href=\"http:\/\/www.naturopharma.net\/it\/\">www.naturopharma.net<\/a>\u00a0(di seguito \"il Sito\").<\/p>\n<p><span style=\"color: #8a8a8a;\">Il responsabile della pubblicazione \u00e8 Naturopharma<\/span><\/p>\n<p>Convalidando il proprio ordine, il Cliente accetta senza riserve le presenti CGV.<\/p>\n<p><strong>1. Oggetto<\/strong><\/p>\n<p>Le presenti CGV hanno lo scopo di definire i diritti e gli obblighi delle parti nell'ambito della vendita online dei prodotti offerti da Naturopharma al Cliente.<\/p>\n<p><strong>2. I prodotti<\/strong><\/p>\n<p>I prodotti offerti in vendita sono quelli descritti sul Sito. Naturopharma si impegna a presentare e descrivere i propri prodotti nel modo pi\u00f9 accurato possibile. Tuttavia, Naturopharma non pu\u00f2 essere ritenuta responsabile di eventuali errori o omissioni in questa presentazione. Le fotografie dei prodotti non sono contrattuali.<\/p>\n<p><strong>3. Premi<\/strong><\/p>\n<p>I prezzi dei prodotti sono indicati in euro (\u20ac), comprensivi di tutte le tasse (TTC), escluse le spese di consegna. Naturopharma si riserva il diritto di modificare i propri prezzi in qualsiasi momento, ma si impegna ad applicare i prezzi in vigore al momento dell'ordine. Le spese di consegna sono fatturate in aggiunta e indicate prima della convalida dell'ordine da parte del Cliente.<\/p>\n<p><strong>4. Controllo<\/strong><\/p>\n<p>4.1. Processo di ordinazione<br \/>Il Cliente effettua un ordine seguendo la procedura indicata sul Sito. Dopo aver selezionato i prodotti desiderati, il Cliente deve verificare e, se necessario, correggere il contenuto del proprio carrello prima di convalidare l'ordine.<\/p>\n<p>4.2 Conferma dell'ordine<br \/>Naturopharma confermer\u00e0 la ricezione dell'ordine inviando un'e-mail al Cliente. La vendita non sar\u00e0 considerata definitiva fino all'invio di questa e-mail di conferma e al ricevimento del prezzo dell'ordine.<\/p>\n<p><strong>5. Pagamento<\/strong><\/p>\n<p>Il pagamento pu\u00f2 essere effettuato tramite carta di credito, bonifico bancario o qualsiasi altro metodo di pagamento offerto sul Sito. I pagamenti con carta di credito sono garantiti dal nostro fornitore di servizi di pagamento. Naturopharma si riserva il diritto di sospendere o annullare qualsiasi ordine in caso di mancato pagamento o di incidente di pagamento.<\/p>\n<p><strong>6. Consegna<\/strong><\/p>\n<p>6.1. Termini di consegna<br \/>I prodotti vengono consegnati all'indirizzo di consegna indicato dal Cliente al momento dell'ordine. Naturopharma effettua consegne in Francia e all'estero.<\/p>\n<p>6.2. Tempi di consegna<br \/>I tempi di consegna sono indicati sul Sito e possono variare a seconda della destinazione. Tali tempi sono forniti a titolo indicativo e non costituiscono un impegno da parte di Naturopharma.<\/p>\n<p>6.3. Ricevimento dell'Ordine<br \/>Il Cliente \u00e8 tenuto a controllare lo stato dei prodotti consegnati. In caso di danni o ammanchi, il Cliente deve fare tutte le riserve necessarie sulla bolla di consegna e informare Naturopharma entro 48 ore.<\/p>\n<p><strong>7. Ritiri e restituzioni<\/strong><\/p>\n<p>7.1. Diritto di recesso<br \/>In conformit\u00e0 alla normativa vigente, il Cliente dispone di un periodo di riflessione di 14 giorni dal ricevimento dei prodotti per esercitare il diritto di recesso senza dover giustificare la propria decisione o pagare alcuna penale.<\/p>\n<p>7.2. Procedura di restituzione<br \/>I prodotti devono essere restituiti nella loro confezione originale, in perfetto stato, accompagnati dalla fattura di acquisto, al seguente indirizzo: QUIVO, Naturopharma,\u00a0<span style=\"color: #1f1f1f; font-family: Arial, sans-serif; font-size: 14px; background-color: var(--background);\">62 Bd Henri Navier Lot 1-3, 95150 Taverny, Francia\u00a0<\/span><span style=\"color: var( --e-global-color-text ); background-color: var(--background);\">. Le spese di restituzione del prodotto sono a carico del Cliente, salvo il caso di prodotto difettoso o di errore da parte di Naturopharma.<\/span><\/p>\n<h5 style=\"margin-bottom: 0.540791em;\"><span style=\"color: var(--accent);\">ECCEZIONI AL DIRITTO DI RECESSO<\/span><\/h5>\n<p style=\"margin-bottom: 0px;\">\u00a0<span style=\"color: var( --e-global-color-text ); background-color: var(--background);\">In conformit\u00e0 alle disposizioni dell'articolo L.121-21-8 del Codice del Consumo francese, il diritto di recesso non si applica a :<\/span><\/p>\n<p style=\"margin-bottom: 0px;\">La fornitura di servizi che sono completamente eseguiti prima della fine del periodo di recesso e in cui l'esecuzione \u00e8 iniziata dopo che il consumatore ha dato il suo esplicito consenso preventivo e ha espressamente rinunciato al suo diritto di recesso.<br \/>La fornitura di beni o servizi il cui prezzo dipende da fluttuazioni del mercato finanziario che sfuggono al controllo del professionista e che possono verificarsi durante il periodo di recesso.<br \/>La fornitura di beni realizzati secondo le specifiche del consumatore o chiaramente personalizzati.<br \/>L'offerta di beni destinati a deteriorarsi o a scadere rapidamente.<br \/>La fornitura di beni non sigillati dal consumatore dopo la consegna e che non possono essere restituiti per motivi igienici o di tutela della salute.<\/p>\n<p style=\"margin-bottom: 0px;\">\u00a0<\/p>\n<p><strong>8. Garanzia<\/strong><\/p>\n<p>I prodotti godono della garanzia legale di conformit\u00e0 e della garanzia contro i vizi occulti. In caso di prodotto difettoso, il Cliente pu\u00f2 contattare il servizio clienti di Naturopharma per ottenere la sostituzione o il rimborso del prodotto.<\/p>\n<p><strong>9. Responsabilit\u00e0<\/strong><\/p>\n<p>Naturopharma non pu\u00f2 essere ritenuta responsabile per i danni derivanti da un uso improprio del prodotto acquistato. La responsabilit\u00e0 di Naturopharma sar\u00e0 in ogni caso limitata all'importo dell'ordine.<\/p>\n<p><strong>10. Dati personali<\/strong><\/p>\n<p>10.1. Raccolta e utilizzo<br \/>Le informazioni e i dati personali raccolti al momento dell'ordine sono necessari per la gestione dell'ordine e per le nostre relazioni commerciali. Possono essere trasmessi a societ\u00e0 che contribuiscono a tali rapporti, come quelle responsabili dell'esecuzione dei servizi e degli ordini per la loro gestione, esecuzione, elaborazione e pagamento. Queste informazioni e questi dati vengono conservati anche per motivi di sicurezza, al fine di adempiere agli obblighi di legge e normativi.<\/p>\n<p>10.2. Diritti del cliente<br \/>Ai sensi della legge francese sulla protezione dei dati e del RGPD, il Cliente ha il diritto di accedere, rettificare, cancellare e opporsi ai dati personali che lo riguardano. Per esercitare tali diritti, \u00e8 sufficiente inviare un'e-mail a contact(a)naturophatma.net o una lettera al seguente indirizzo: Naturopharma, 83 Bld du Pr\u00e9sident Wilson, 06400 Antibes, Francia.<\/p>\n<p><strong>11. Propriet\u00e0 intellettuale<\/strong><\/p>\n<p>Tutti gli elementi del Sito, sia visivi che audio, compresa la tecnologia sottostante, sono protetti da copyright, marchi o brevetti. Sono di propriet\u00e0 esclusiva di Naturopharma. Qualsiasi riproduzione o rappresentazione totale o parziale del Sito o di tutti o parte degli elementi presenti sul Sito \u00e8 severamente vietata.<\/p>\n<p><strong>12. Forza maggiore<\/strong><\/p>\n<p>Naturopharma non potr\u00e0 essere ritenuta responsabile per il mancato adempimento delle proprie obbligazioni in caso di forza maggiore o di qualsiasi evento imprevedibile, irresistibile ed esterno che impedisca o ritardi l'adempimento delle proprie obbligazioni.<\/p>\n<p><strong>13. Modifiche al GTCS<\/strong><\/p>\n<p>Naturopharma si riserva il diritto di modificare le presenti CGV in qualsiasi momento. Le CGV applicabili saranno quelle in vigore alla data dell'ordine del Cliente.<\/p>\n<p><strong>14. Legge applicabile e giurisdizione<\/strong><\/p>\n<p>Le presenti CGV sono disciplinate dal diritto francese. In caso di controversia, i tribunali di Antibes saranno i soli competenti.<\/p>\n<p><strong>15. Contatto<\/strong><\/p>\n<p>Per qualsiasi domanda o reclamo, il Cliente pu\u00f2 contattare Naturopharma via e-mail al seguente indirizzo: contact(a)naturopharma.net<\/p>\t\t\t\t\t\t\t\t<\/div>\n\t\t\t\t\t<\/div>\n\t\t<\/div>\n\t\t\t\t\t<\/div>\n\t\t<\/section>\n\t\t\t\t<\/div>","protected":false},"excerpt":{"rendered":"<p>Naturopharma83 bld du pr\u00e9sident Wilson, 06400 Antibes.N\u00b0 de t\u00e9l\u00e9phone +33 (0)9 72 56 48 76.Adresse du courrier \u00e9lectronique contact@naturopharma.net.Le responsable de la publication est Naturopharma Conditions g\u00e9n\u00e9rales de vente des produits vendus sur Naturopharma.net Date de derni\u00e8re mise \u00e0 jour 01\/10\/2021 Conditions G\u00e9n\u00e9rales de Vente (CGV) Pr\u00e9ambule Les pr\u00e9sentes conditions g\u00e9n\u00e9rales de vente (CGV) r\u00e9gissent [&hellip;]<\/p>\n","protected":false},"author":1,"featured_media":0,"parent":0,"menu_order":0,"comment_status":"closed","ping_status":"closed","template":"","meta":{"inline_featured_image":false,"iawp_total_views":102,"footnotes":""},"class_list":["post-16227","page","type-page","status-publish","hentry"],"_links":{"self":[{"href":"https:\/\/www.naturopharma.net\/it\/wp-json\/wp\/v2\/pages\/16227","targetHints":{"allow":["GET"]}}],"collection":[{"href":"https:\/\/www.naturopharma.net\/it\/wp-json\/wp\/v2\/pages"}],"about":[{"href":"https:\/\/www.naturopharma.net\/it\/wp-json\/wp\/v2\/types\/page"}],"author":[{"embeddable":true,"href":"https:\/\/www.naturopharma.net\/it\/wp-json\/wp\/v2\/users\/1"}],"replies":[{"embeddable":true,"href":"https:\/\/www.naturopharma.net\/it\/wp-json\/wp\/v2\/comments?post=16227"}],"version-history":[{"count":0,"href":"https:\/\/www.naturopharma.net\/it\/wp-json\/wp\/v2\/pages\/16227\/revisions"}],"wp:attachment":[{"href":"https:\/\/www.naturopharma.net\/it\/wp-json\/wp\/v2\/media?parent=16227"}],"curies":[{"name":"wp","href":"https:\/\/api.w.org\/{rel}","templated":true}]}}