{"id":22884,"date":"2023-12-15T09:03:34","date_gmt":"2023-12-15T08:03:34","guid":{"rendered":"https:\/\/www.naturopharma.net\/?post_type=product&#038;p=22884"},"modified":"2026-01-31T09:08:12","modified_gmt":"2026-01-31T08:08:12","slug":"acide-hyaluronique-coenzyme-q10","status":"publish","type":"product","link":"https:\/\/www.naturopharma.net\/es\/boutique\/acide-hyaluronique-coenzyme-q10\/","title":{"rendered":"\u00c1cido hialur\u00f3nico + Coenzima Q10"},"content":{"rendered":"<p>Sum\u00e9rjase en una experiencia de cuidado de la piel verdaderamente trascendente con nuestro exclusivo pack, una sublime fusi\u00f3n de dos ingredientes excepcionales: una caja de \u00c1cido Hialur\u00f3nico y una caja de Coenzima Q10. Este d\u00fao prodigioso es una oda a la juventud recuperada, dise\u00f1ado para llevar su rutina de belleza a nuevas cotas.<\/p>\n<p>El \u00c1cido Hialur\u00f3nico, la joya hidratante de nuestra colecci\u00f3n, ofrece mucho m\u00e1s que una simple saturaci\u00f3n de agua. Es un elixir de juventud que penetra profundamente en las capas de la piel, creando una reserva continua de hidrataci\u00f3n. Las l\u00edneas de expresi\u00f3n se difuminan, dando paso a una textura de piel infinitamente suave. Este preciado ingrediente tambi\u00e9n es aclamado por su poder regenerador, que devuelve a la piel una elasticidad que parece desafiar al tiempo. El efecto rellenador es sorprendente, revelando una piel visiblemente revitalizada y rebosante de vitalidad.<\/p>\n<p>Complemento perfecto de esta sinfon\u00eda de tratamientos, el cofre de Coenzima Q10 act\u00faa como un escudo protector contra los efectos nocivos del envejecimiento. Este potente antioxidante act\u00faa en t\u00e1ndem con la piel, neutralizando los radicales libres y preservando su aspecto joven. Al estimular la producci\u00f3n de energ\u00eda celular, la Coenzima Q10 aporta un resplandor renovado a su rostro, despertando los sentidos y dando a su piel un vigor que va m\u00e1s all\u00e1 de la est\u00e9tica.<\/p>\n<p>Nuestro pack es m\u00e1s que una rutina de cuidado de la piel; es una celebraci\u00f3n de la belleza atemporal. Juntos, el \u00c1cido Hialur\u00f3nico y la Coenzima Q10 crean una alianza majestuosa, ofreciendo una experiencia completa de cuidado de la piel que trasciende las fronteras del tiempo. Su piel se convierte en el recept\u00e1culo de una armon\u00eda perfecta, equilibrada entre suntuosa hidrataci\u00f3n y protecci\u00f3n celular.<\/p>\n<p>Reg\u00e1lese la opulencia de nuestro pack \u00c1cido Hialur\u00f3nico + Coenzima Q10, una escapada sensorial al mundo del rejuvenecimiento de la piel. Lleve su rutina de cuidado de la piel al siguiente nivel y revele una belleza que no s\u00f3lo resiste la prueba del tiempo, sino que abraza cada momento con resplandor y esplendor. Experimente la magia de una piel que celebra la eternidad de la juventud.<\/p>","protected":false},"excerpt":{"rendered":"<p>Nuestro exclusivo pack combina una caja de \u00c1cido Hialur\u00f3nico con una caja de Coenzima Q10, ofreciendo la sinergia perfecta para una piel radiante. El \u00c1cido Hialur\u00f3nico hidrata en profundidad, alisando las l\u00edneas de expresi\u00f3n y revitalizando la textura de la piel. La Coenzima Q10, un potente antioxidante, protege contra los signos del envejecimiento estimulando la energ\u00eda celular. Transforme su rutina de cuidado de la piel con este d\u00fao excepcional para conseguir una piel visiblemente m\u00e1s joven y radiante.<\/p>","protected":false},"featured_media":25004,"comment_status":"open","ping_status":"closed","template":"","meta":{"inline_featured_image":false,"iawp_total_views":33},"product_cat":[80,97,118,101],"product_tag":[],"class_list":{"0":"post-22884","1":"product","2":"type-product","3":"status-publish","4":"has-post-thumbnail","6":"product_cat-anti-age","7":"product_cat-antioxydants","8":"product_cat-peau-cheveux-ongles","9":"product_cat-sante-cardiaque","11":"first","12":"instock","13":"shipping-taxable","14":"purchasable","15":"product-type-simple"},"delivery_text_html":"<div class=\"rp_estimated_date  dpid_22884\" data-pid=\"22884\" data-loaded=\"false\"><span class=\"rp_text\"> \ud83d\udce6 Commandez d\u00e8s maintenant et recevez votre commande le: 14, abril 2026 \ud83d\udceb<\/span><\/div>","delivery_time":1776124800,"_links":{"self":[{"href":"https:\/\/www.naturopharma.net\/es\/wp-json\/wp\/v2\/product\/22884","targetHints":{"allow":["GET"]}}],"collection":[{"href":"https:\/\/www.naturopharma.net\/es\/wp-json\/wp\/v2\/product"}],"about":[{"href":"https:\/\/www.naturopharma.net\/es\/wp-json\/wp\/v2\/types\/product"}],"replies":[{"embeddable":true,"href":"https:\/\/www.naturopharma.net\/es\/wp-json\/wp\/v2\/comments?post=22884"}],"version-history":[{"count":2,"href":"https:\/\/www.naturopharma.net\/es\/wp-json\/wp\/v2\/product\/22884\/revisions"}],"predecessor-version":[{"id":27344,"href":"https:\/\/www.naturopharma.net\/es\/wp-json\/wp\/v2\/product\/22884\/revisions\/27344"}],"wp:featuredmedia":[{"embeddable":true,"href":"https:\/\/www.naturopharma.net\/es\/wp-json\/wp\/v2\/media\/25004"}],"wp:attachment":[{"href":"https:\/\/www.naturopharma.net\/es\/wp-json\/wp\/v2\/media?parent=22884"}],"wp:term":[{"taxonomy":"product_cat","embeddable":true,"href":"https:\/\/www.naturopharma.net\/es\/wp-json\/wp\/v2\/product_cat?post=22884"},{"taxonomy":"product_tag","embeddable":true,"href":"https:\/\/www.naturopharma.net\/es\/wp-json\/wp\/v2\/product_tag?post=22884"}],"curies":[{"name":"wp","href":"https:\/\/api.w.org\/{rel}","templated":true}]}}