{"id":22762,"date":"2023-12-13T10:03:08","date_gmt":"2023-12-13T09:03:08","guid":{"rendered":"https:\/\/www.naturopharma.net\/?post_type=product&#038;p=22762"},"modified":"2026-01-31T09:16:16","modified_gmt":"2026-01-31T08:16:16","slug":"collagene-coenzyme-q10","status":"publish","type":"product","link":"https:\/\/www.naturopharma.net\/es\/boutique\/collagene-coenzyme-q10\/","title":{"rendered":"Col\u00e1geno + Coenzima Q10"},"content":{"rendered":"<h4><strong>Prestige Skin Care Kit: Col\u00e1geno Marino y Coenzima Q10 200mg<\/strong><\/h4>\n<p><em>El sublime equilibrio de ciencia y lujo para una juventud redefinida<\/em><\/p>\n<p>Nuestro Prestige Skincare Set ofrece la sinergia perfecta entre el poder regenerador del Col\u00e1geno Marino y la vitalidad celular de la Coenzima Q10, creando una experiencia de cuidado excepcionalmente sofisticada para una piel radiante.<\/p>\n<p><strong>Col\u00e1geno marino - Excelencia en regeneraci\u00f3n cut\u00e1nea :<\/strong> Cada c\u00e1psula de Col\u00e1geno Marino contiene una f\u00f3rmula avanzada que estimula la producci\u00f3n natural de col\u00e1geno. La piel se nutre con firmeza, recuperando su elasticidad y juventud.<\/p>\n<p><strong>Coenzima Q10 - Energ\u00eda celular para una piel revitalizada :<\/strong> La coenzima Q10 200 mg encarna la esencia de la energ\u00eda celular, reduciendo los signos del envejecimiento y preservando la vitalidad. Un elixir de juventud para una piel radiante.<\/p>\n<p><strong>\u00bfPor qu\u00e9 elegir nuestro set Prestige?<\/strong><\/p>\n<p><em>Paquetes Prestige avanzados<\/em> Ingredientes de la m\u00e1s alta calidad para unos resultados excepcionales.<\/p>\n<p><em>Acci\u00f3n completa y de alta gama<\/em> Un enfoque hol\u00edstico para la regeneraci\u00f3n completa de la piel.<\/p>\n<p><em>Innovaci\u00f3n y lujo reunidos<\/em> La quintaesencia del cuidado de la piel en un set exclusivo.<\/p>\n<p><strong>Transforme su rutina de belleza con el Set de Cuidado de la Piel Prestige. Descubra la Excelencia, P\u00eddalo Ahora.<\/strong><\/p>","protected":false},"excerpt":{"rendered":"<p>Col\u00e1geno y Q10 - Elasticidad visible y antienvejecimiento<\/p>\n<p><strong><em>Experimente la quintaesencia del cuidado de la piel con nuestro exclusivo set.<\/em><\/strong><br \/>\nLe\u00a0<strong>Col\u00e1geno marino<\/strong>\u00a0regenera en profundidad, mejorando la elasticidad, mientras que la\u00a0<strong>Coenzima Q10 200 mg<\/strong>\u00a0revitaliza, reduciendo visiblemente los signos del paso del tiempo. Una alianza de lujo para una piel radiante y rejuvenecida. P\u00eddalo ahora y revele una nueva juventud.<\/p>","protected":false},"featured_media":24998,"comment_status":"open","ping_status":"closed","template":"","meta":{"inline_featured_image":false,"iawp_total_views":84},"product_cat":[80,97,98,99,118,101,102,88],"product_tag":[],"class_list":{"0":"post-22762","1":"product","2":"type-product","3":"status-publish","4":"has-post-thumbnail","6":"product_cat-anti-age","7":"product_cat-antioxydants","8":"product_cat-energie","9":"product_cat-fonction-cerebrale","10":"product_cat-peau-cheveux-ongles","11":"product_cat-sante-cardiaque","12":"product_cat-soutien-osseux-articulaire","13":"product_cat-vitamines","15":"first","16":"instock","17":"shipping-taxable","18":"purchasable","19":"product-type-simple"},"delivery_text_html":"<div class=\"rp_estimated_date  dpid_22762\" data-pid=\"22762\" data-loaded=\"false\"><span class=\"rp_text\"> \ud83d\udce6 Commandez d\u00e8s maintenant et recevez votre commande le: 15, mayo 2026 \ud83d\udceb<\/span><\/div>","delivery_time":1778803200,"_links":{"self":[{"href":"https:\/\/www.naturopharma.net\/es\/wp-json\/wp\/v2\/product\/22762","targetHints":{"allow":["GET"]}}],"collection":[{"href":"https:\/\/www.naturopharma.net\/es\/wp-json\/wp\/v2\/product"}],"about":[{"href":"https:\/\/www.naturopharma.net\/es\/wp-json\/wp\/v2\/types\/product"}],"replies":[{"embeddable":true,"href":"https:\/\/www.naturopharma.net\/es\/wp-json\/wp\/v2\/comments?post=22762"}],"version-history":[{"count":1,"href":"https:\/\/www.naturopharma.net\/es\/wp-json\/wp\/v2\/product\/22762\/revisions"}],"predecessor-version":[{"id":27348,"href":"https:\/\/www.naturopharma.net\/es\/wp-json\/wp\/v2\/product\/22762\/revisions\/27348"}],"wp:featuredmedia":[{"embeddable":true,"href":"https:\/\/www.naturopharma.net\/es\/wp-json\/wp\/v2\/media\/24998"}],"wp:attachment":[{"href":"https:\/\/www.naturopharma.net\/es\/wp-json\/wp\/v2\/media?parent=22762"}],"wp:term":[{"taxonomy":"product_cat","embeddable":true,"href":"https:\/\/www.naturopharma.net\/es\/wp-json\/wp\/v2\/product_cat?post=22762"},{"taxonomy":"product_tag","embeddable":true,"href":"https:\/\/www.naturopharma.net\/es\/wp-json\/wp\/v2\/product_tag?post=22762"}],"curies":[{"name":"wp","href":"https:\/\/api.w.org\/{rel}","templated":true}]}}