{"id":18874,"date":"2021-11-15T10:29:59","date_gmt":"2021-11-15T09:29:59","guid":{"rendered":"http:\/\/www.naturopharma.net\/?post_type=product&#038;p=18874"},"modified":"2026-01-31T09:47:11","modified_gmt":"2026-01-31T08:47:11","slug":"naturo-flex-articulations-os-cartilages","status":"publish","type":"product","link":"https:\/\/www.naturopharma.net\/es\/boutique\/naturo-flex-articulations-os-cartilages\/","title":{"rendered":"Naturo-Flex"},"content":{"rendered":"<div data-elementor-type=\"product-post\" data-elementor-id=\"18874\" class=\"elementor elementor-18874\" data-elementor-post-type=\"product\">\n\t\t\t\t\t\t<section class=\"elementor-section elementor-top-section elementor-element elementor-element-1feb8864 elementor-section-boxed elementor-section-height-default elementor-section-height-default\" data-id=\"1feb8864\" data-element_type=\"section\" data-e-type=\"section\">\n\t\t\t\t\t\t<div class=\"elementor-container elementor-column-gap-default\">\n\t\t\t\t\t<div class=\"elementor-column elementor-col-100 elementor-top-column elementor-element elementor-element-4a3f5439\" data-id=\"4a3f5439\" data-element_type=\"column\" data-e-type=\"column\">\n\t\t\t<div class=\"elementor-widget-wrap elementor-element-populated\">\n\t\t\t\t\t\t<div class=\"elementor-element elementor-element-2676dad8 elementor-widget elementor-widget-text-editor\" data-id=\"2676dad8\" data-element_type=\"widget\" data-e-type=\"widget\" data-widget_type=\"text-editor.default\">\n\t\t\t\t\t\t\t\t\t<h4><span style=\"color: #339966;\">F\u00f3rmula para articulaciones, huesos, cart\u00edlagos y tejido conjuntivo<\/span><\/h4>\t\t\t\t\t\t\t\t<\/div>\n\t\t\t\t<div class=\"elementor-element elementor-element-65711cf0 elementor-widget-divider--view-line elementor-widget elementor-widget-divider\" data-id=\"65711cf0\" data-element_type=\"widget\" data-e-type=\"widget\" data-widget_type=\"divider.default\">\n\t\t\t\t\t\t\t<div class=\"elementor-divider\">\n\t\t\t<span class=\"elementor-divider-separator\">\n\t\t\t\t\t\t<\/span>\n\t\t<\/div>\n\t\t\t\t\t\t<\/div>\n\t\t\t\t\t<\/div>\n\t\t<\/div>\n\t\t\t\t\t<\/div>\n\t\t<\/section>\n\t\t\t\t<section class=\"elementor-section elementor-top-section elementor-element elementor-element-3dae380 elementor-section-boxed elementor-section-height-default elementor-section-height-default\" data-id=\"3dae380\" data-element_type=\"section\" data-e-type=\"section\">\n\t\t\t\t\t\t<div class=\"elementor-container elementor-column-gap-default\">\n\t\t\t\t\t<div class=\"elementor-column elementor-col-100 elementor-top-column elementor-element elementor-element-7c82cd7f\" data-id=\"7c82cd7f\" data-element_type=\"column\" data-e-type=\"column\">\n\t\t\t<div class=\"elementor-widget-wrap elementor-element-populated\">\n\t\t\t\t\t\t<div class=\"elementor-element elementor-element-6f0b05c0 elementor-widget elementor-widget-text-editor\" data-id=\"6f0b05c0\" data-element_type=\"widget\" data-e-type=\"widget\" data-widget_type=\"text-editor.default\">\n\t\t\t\t\t\t\t\t\t<p>La f\u00f3rmula Naturo-Flex se ha formulado para proporcionar una combinaci\u00f3n a medida de glucosamina HCL, metilsulfonilmetano (MSM), vitamina C y otros ingredientes a base de hierbas y alimentos, entre los que se incluyen: extracto de c\u00farcuma (con curcumina), hoja de ortiga, cereza Montmorency, ginseng panax coreano, vinagre de sidra de manzana en polvo, bromelina, cola de caballo, algas, papa\u00edna, rosa mosqueta y ra\u00edz de jengibre, todo en una sola f\u00f3rmula.<\/p><p>En la f\u00f3rmula s\u00f3lo se utiliza glucosamina HCL de la m\u00e1s alta calidad: la forma HCL de la glucosamina es la m\u00e1s biodisponible (se absorbe y utiliza f\u00e1cilmente).<\/p><p>Este complemento alimenticio combinado ofrece una ayuda espec\u00edfica para el funcionamiento normal de las articulaciones, los cart\u00edlagos y los huesos, as\u00ed como para la formaci\u00f3n de col\u00e1geno.<br \/>El col\u00e1geno es una prote\u00edna estructural que se encuentra en muchos de los tejidos conectivos del organismo, como huesos, cart\u00edlagos, enc\u00edas, piel, tendones y vasos sangu\u00edneos.<\/p>\t\t\t\t\t\t\t\t<\/div>\n\t\t\t\t<div class=\"elementor-element elementor-element-106bc818 elementor-widget-divider--view-line elementor-widget elementor-widget-divider\" data-id=\"106bc818\" data-element_type=\"widget\" data-e-type=\"widget\" data-widget_type=\"divider.default\">\n\t\t\t\t\t\t\t<div class=\"elementor-divider\">\n\t\t\t<span class=\"elementor-divider-separator\">\n\t\t\t\t\t\t<\/span>\n\t\t<\/div>\n\t\t\t\t\t\t<\/div>\n\t\t\t\t\t<\/div>\n\t\t<\/div>\n\t\t\t\t\t<\/div>\n\t\t<\/section>\n\t\t\t\t<section class=\"elementor-section elementor-top-section elementor-element elementor-element-11feba5c elementor-section-boxed elementor-section-height-default elementor-section-height-default\" data-id=\"11feba5c\" data-element_type=\"section\" data-e-type=\"section\">\n\t\t\t\t\t\t<div class=\"elementor-container elementor-column-gap-default\">\n\t\t\t\t\t<div class=\"elementor-column elementor-col-100 elementor-top-column elementor-element elementor-element-7bdb2098\" data-id=\"7bdb2098\" data-element_type=\"column\" data-e-type=\"column\">\n\t\t\t<div class=\"elementor-widget-wrap elementor-element-populated\">\n\t\t\t\t\t\t<section class=\"elementor-section elementor-inner-section elementor-element elementor-element-29f19f5f elementor-section-boxed elementor-section-height-default elementor-section-height-default\" data-id=\"29f19f5f\" data-element_type=\"section\" data-e-type=\"section\">\n\t\t\t\t\t\t<div class=\"elementor-container elementor-column-gap-default\">\n\t\t\t\t\t<div class=\"elementor-column elementor-col-50 elementor-inner-column elementor-element elementor-element-7a616216\" data-id=\"7a616216\" data-element_type=\"column\" data-e-type=\"column\">\n\t\t\t<div class=\"elementor-widget-wrap elementor-element-populated\">\n\t\t\t\t\t\t<div class=\"elementor-element elementor-element-5c876003 elementor-view-default elementor-widget elementor-widget-icon\" data-id=\"5c876003\" data-element_type=\"widget\" data-e-type=\"widget\" data-widget_type=\"icon.default\">\n\t\t\t\t\t\t\t<div class=\"elementor-icon-wrapper\">\n\t\t\t<div class=\"elementor-icon\">\n\t\t\t<i aria-hidden=\"true\" class=\"smartic-icon- smartic-icon-vegan\"><\/i>\t\t\t<\/div>\n\t\t<\/div>\n\t\t\t\t\t\t<\/div>\n\t\t\t\t\t<\/div>\n\t\t<\/div>\n\t\t\t\t<div class=\"elementor-column elementor-col-50 elementor-inner-column elementor-element elementor-element-441d4b03\" data-id=\"441d4b03\" data-element_type=\"column\" data-e-type=\"column\">\n\t\t\t<div class=\"elementor-widget-wrap elementor-element-populated\">\n\t\t\t\t\t\t<div class=\"elementor-element elementor-element-7ed864c9 elementor-widget elementor-widget-text-editor\" data-id=\"7ed864c9\" data-element_type=\"widget\" data-e-type=\"widget\" data-widget_type=\"text-editor.default\">\n\t\t\t\t\t\t\t\t\t<p>Apto para vegetarianos y veganos.<\/p>\t\t\t\t\t\t\t\t<\/div>\n\t\t\t\t\t<\/div>\n\t\t<\/div>\n\t\t\t\t\t<\/div>\n\t\t<\/section>\n\t\t\t\t<section class=\"elementor-section elementor-inner-section elementor-element elementor-element-b3a0376 elementor-section-boxed elementor-section-height-default elementor-section-height-default\" data-id=\"b3a0376\" data-element_type=\"section\" data-e-type=\"section\">\n\t\t\t\t\t\t<div class=\"elementor-container elementor-column-gap-default\">\n\t\t\t\t\t<div class=\"elementor-column elementor-col-50 elementor-inner-column elementor-element elementor-element-bc7810b\" data-id=\"bc7810b\" data-element_type=\"column\" data-e-type=\"column\">\n\t\t\t<div class=\"elementor-widget-wrap elementor-element-populated\">\n\t\t\t\t\t\t<div class=\"elementor-element elementor-element-2f5fee4 elementor-view-default elementor-widget elementor-widget-icon\" data-id=\"2f5fee4\" data-element_type=\"widget\" data-e-type=\"widget\" data-widget_type=\"icon.default\">\n\t\t\t\t\t\t\t<div class=\"elementor-icon-wrapper\">\n\t\t\t<div class=\"elementor-icon\">\n\t\t\t<i aria-hidden=\"true\" class=\"smartic-icon- smartic-icon-eco\"><\/i>\t\t\t<\/div>\n\t\t<\/div>\n\t\t\t\t\t\t<\/div>\n\t\t\t\t\t<\/div>\n\t\t<\/div>\n\t\t\t\t<div class=\"elementor-column elementor-col-50 elementor-inner-column elementor-element elementor-element-8637922\" data-id=\"8637922\" data-element_type=\"column\" data-e-type=\"column\">\n\t\t\t<div class=\"elementor-widget-wrap elementor-element-populated\">\n\t\t\t\t\t\t<div class=\"elementor-element elementor-element-acac4e0 elementor-widget elementor-widget-text-editor\" data-id=\"acac4e0\" data-element_type=\"widget\" data-e-type=\"widget\" data-widget_type=\"text-editor.default\">\n\t\t\t\t\t\t\t\t\t<p>Materias primas controladas.<br \/>100% Natural No GMO<\/p>\t\t\t\t\t\t\t\t<\/div>\n\t\t\t\t\t<\/div>\n\t\t<\/div>\n\t\t\t\t\t<\/div>\n\t\t<\/section>\n\t\t\t\t<section class=\"elementor-section elementor-inner-section elementor-element elementor-element-238b8a8f elementor-section-boxed elementor-section-height-default elementor-section-height-default\" data-id=\"238b8a8f\" data-element_type=\"section\" data-e-type=\"section\">\n\t\t\t\t\t\t<div class=\"elementor-container elementor-column-gap-default\">\n\t\t\t\t\t<div class=\"elementor-column elementor-col-50 elementor-inner-column elementor-element elementor-element-11061931\" data-id=\"11061931\" data-element_type=\"column\" data-e-type=\"column\">\n\t\t\t<div class=\"elementor-widget-wrap elementor-element-populated\">\n\t\t\t\t\t\t<div class=\"elementor-element elementor-element-5158604b elementor-view-default elementor-widget elementor-widget-icon\" data-id=\"5158604b\" data-element_type=\"widget\" data-e-type=\"widget\" data-widget_type=\"icon.default\">\n\t\t\t\t\t\t\t<div class=\"elementor-icon-wrapper\">\n\t\t\t<div class=\"elementor-icon\">\n\t\t\t<i aria-hidden=\"true\" class=\"smartic-icon- smartic-icon-organic\"><\/i>\t\t\t<\/div>\n\t\t<\/div>\n\t\t\t\t\t\t<\/div>\n\t\t\t\t\t<\/div>\n\t\t<\/div>\n\t\t\t\t<div class=\"elementor-column elementor-col-50 elementor-inner-column elementor-element elementor-element-2eb617b3\" data-id=\"2eb617b3\" data-element_type=\"column\" data-e-type=\"column\">\n\t\t\t<div class=\"elementor-widget-wrap elementor-element-populated\">\n\t\t\t\t\t\t<div class=\"elementor-element elementor-element-226194cc elementor-widget elementor-widget-text-editor\" data-id=\"226194cc\" data-element_type=\"widget\" data-e-type=\"widget\" data-widget_type=\"text-editor.default\">\n\t\t\t\t\t\t\t\t\t<p>No contiene colorantes artificiales, aromas, conservantes, productos l\u00e1cteos, gluten, lactosa, soja, az\u00facar, trigo ni levadura.\u00a0<\/p>\t\t\t\t\t\t\t\t<\/div>\n\t\t\t\t\t<\/div>\n\t\t<\/div>\n\t\t\t\t\t<\/div>\n\t\t<\/section>\n\t\t\t\t<section class=\"elementor-section elementor-inner-section elementor-element elementor-element-72c84e02 elementor-section-boxed elementor-section-height-default elementor-section-height-default\" data-id=\"72c84e02\" data-element_type=\"section\" data-e-type=\"section\">\n\t\t\t\t\t\t<div class=\"elementor-container elementor-column-gap-default\">\n\t\t\t\t\t<div class=\"elementor-column elementor-col-50 elementor-inner-column elementor-element elementor-element-7323809c\" data-id=\"7323809c\" data-element_type=\"column\" data-e-type=\"column\">\n\t\t\t<div class=\"elementor-widget-wrap elementor-element-populated\">\n\t\t\t\t\t\t<div class=\"elementor-element elementor-element-74fcddea elementor-view-default elementor-widget elementor-widget-icon\" data-id=\"74fcddea\" data-element_type=\"widget\" data-e-type=\"widget\" data-widget_type=\"icon.default\">\n\t\t\t\t\t\t\t<div class=\"elementor-icon-wrapper\">\n\t\t\t<div class=\"elementor-icon\">\n\t\t\t<i aria-hidden=\"true\" class=\"smartic-icon- smartic-icon-quality\"><\/i>\t\t\t<\/div>\n\t\t<\/div>\n\t\t\t\t\t\t<\/div>\n\t\t\t\t\t<\/div>\n\t\t<\/div>\n\t\t\t\t<div class=\"elementor-column elementor-col-50 elementor-inner-column elementor-element elementor-element-6998fdc4\" data-id=\"6998fdc4\" data-element_type=\"column\" data-e-type=\"column\">\n\t\t\t<div class=\"elementor-widget-wrap elementor-element-populated\">\n\t\t\t\t\t\t<div class=\"elementor-element elementor-element-54c66fc7 elementor-widget elementor-widget-text-editor\" data-id=\"54c66fc7\" data-element_type=\"widget\" data-e-type=\"widget\" data-widget_type=\"text-editor.default\">\n\t\t\t\t\t\t\t\t\t<p>Laboratorio con certificaci\u00f3n ISO 9001<br \/>Buenas pr\u00e1cticas de fabricaci\u00f3n certificadas<\/p>\t\t\t\t\t\t\t\t<\/div>\n\t\t\t\t\t<\/div>\n\t\t<\/div>\n\t\t\t\t\t<\/div>\n\t\t<\/section>\n\t\t\t\t<div class=\"elementor-element elementor-element-4d247a6d elementor-widget-divider--view-line elementor-widget elementor-widget-divider\" data-id=\"4d247a6d\" data-element_type=\"widget\" data-e-type=\"widget\" data-widget_type=\"divider.default\">\n\t\t\t\t\t\t\t<div class=\"elementor-divider\">\n\t\t\t<span class=\"elementor-divider-separator\">\n\t\t\t\t\t\t<\/span>\n\t\t<\/div>\n\t\t\t\t\t\t<\/div>\n\t\t\t\t\t<\/div>\n\t\t<\/div>\n\t\t\t\t\t<\/div>\n\t\t<\/section>\n\t\t\t\t<section class=\"elementor-section elementor-top-section elementor-element elementor-element-63279be7 elementor-section-boxed elementor-section-height-default elementor-section-height-default\" data-id=\"63279be7\" data-element_type=\"section\" data-e-type=\"section\">\n\t\t\t\t\t\t<div class=\"elementor-container elementor-column-gap-default\">\n\t\t\t\t\t<div class=\"elementor-column elementor-col-100 elementor-top-column elementor-element elementor-element-10e2180\" data-id=\"10e2180\" data-element_type=\"column\" data-e-type=\"column\">\n\t\t\t<div class=\"elementor-widget-wrap elementor-element-populated\">\n\t\t\t\t\t\t<div class=\"elementor-element elementor-element-1c8a26dd elementor-widget elementor-widget-text-editor\" data-id=\"1c8a26dd\" data-element_type=\"widget\" data-e-type=\"widget\" data-widget_type=\"text-editor.default\">\n\t\t\t\t\t\t\t\t\t<p><span style=\"color: #33cccc;\"><strong>Glucosamina HCL:<\/strong><\/span> La glucosamina es esencial para la construcci\u00f3n de las articulaciones y el \"pegamento\" celular que mantiene unido todo el organismo.<br \/>La glucosamina HCL de la f\u00f3rmula de Naturo-Flex para las articulaciones procede de fuentes veganas y tambi\u00e9n est\u00e1 en forma de alimento biodisponible, para que el organismo la absorba y utilice al m\u00e1ximo.<\/p><p><span style=\"color: #33cccc;\"><strong>MSM:<\/strong><\/span> MSM es la abreviatura de metilsulfonilmetano, fuente de un mineral esencial que interviene en multitud de funciones clave del organismo, como el control del dolor, la regulaci\u00f3n de la inflamaci\u00f3n, la desintoxicaci\u00f3n y la formaci\u00f3n de tejidos.\u00a0<\/p><p><span style=\"color: #33cccc;\"><b>Rosa mosqueta<\/b><strong>\u00a0y la cereza de Montmorency<\/strong>:<\/span> Las cerezas Montmorency se consideran una superfruta porque est\u00e1n repletas de nutrientes, entre ellos potentes antioxidantes y flavonoides. Se utilizan como analg\u00e9sico natural. Los escaramujos tambi\u00e9n son ricos en vitamina C, un potente antioxidante.<\/p><p><span style=\"color: #33cccc;\"><strong>Hoja de ortiga<\/strong>:<\/span> Las ortigas son naturalmente ricas en clorofila (un potente fitoqu\u00edmico), vitamina C (un potente antioxidante), serotonina, histamina, acetilcolina y minerales beneficiosos, como hierro, calcio y s\u00edlice.<\/p><p><span style=\"color: #33cccc;\"><strong>Jengibre y c\u00farcuma<\/strong>:<\/span> Tanto la c\u00farcuma como el jengibre son hierbas que ayudan de forma natural a reducir los niveles de leucotrienos que causan dolor e inflamaci\u00f3n en el cuerpo.\u00a0<\/p><p><span style=\"color: #33cccc;\"><strong>Ginseng Panax coreano:<\/strong><\/span> Esta planta contiene dos compuestos importantes: los ginsen\u00f3sidos y la gintonina. Estos compuestos se complementan entre s\u00ed para ofrecer una serie de beneficios potenciales para la salud, como actividad antioxidante y acciones antiinflamatorias.<\/p><p><span style=\"color: #33cccc;\"><strong>Vinagre de sidra de manzana:<\/strong><\/span> La pectina del vinagre de sidra de manzana ayuda a eliminar las toxinas del organismo.<\/p><p><span style=\"color: #33cccc;\"><strong>Bromelina:<\/strong><\/span> La bromelina es una enzima derivada del zumo de pi\u00f1a. Ayuda a reducir los niveles de inflamaci\u00f3n en el organismo.<br \/>La bromelina tambi\u00e9n es cada vez m\u00e1s popular entre los deportistas que sufren lesiones frecuentes debido al desgaste de sus articulaciones.<\/p><p><span style=\"color: #33cccc;\"><strong>Cola de caballo<\/strong>:<\/span> Esta hierba com\u00fan favorece la absorci\u00f3n y utilizaci\u00f3n del calcio, el s\u00edlice y las sales minerales (incluidos el potasio, el manganeso, el magnesio, el azufre y el calcio). La carencia de s\u00edlice suele preceder a la p\u00e9rdida de calcio, lo que conduce a la desmineralizaci\u00f3n \u00f3sea.<\/p><p><span style=\"color: #33cccc;\"><strong>Kelp:<\/strong><\/span>\u00a0El quelpo puede ser \u00fatil cuando el dolor articular est\u00e1 causado por una acumulaci\u00f3n de toxinas en el organismo. Es un potente desintoxicante, ya que inyecta alginatos en el organismo que se unen a las sustancias qu\u00edmicas t\u00f3xicas y permiten eliminarlas de forma segura a trav\u00e9s del tracto digestivo.<\/p><p><span style=\"color: #33cccc;\"><strong>Papa\u00edna:<\/strong><\/span> La papa\u00edna es una enzima no animal derivada de la papaya, que ayuda al proceso digestivo. \"Arthritis Today\", la revista de salud del consumidor publicada por la Arthritis Foundation, afirma que la papa\u00edna es beneficiosa para las personas que padecen artritis inflamatoria y no inflamatoria.<\/p><p><span style=\"color: #33cccc;\"><strong>Vitamina C:<\/strong><\/span> Se ha a\u00f1adido vitamina C a esta f\u00f3rmula porque es un cofactor de la s\u00edntesis de col\u00e1geno. Contribuye a la formaci\u00f3n normal de col\u00e1geno para el funcionamiento normal de los vasos sangu\u00edneos, huesos, cart\u00edlagos, enc\u00edas, piel y dientes.<\/p>\t\t\t\t\t\t\t\t<\/div>\n\t\t\t\t<div class=\"elementor-element elementor-element-4719dc80 elementor-widget-divider--view-line elementor-widget elementor-widget-divider\" data-id=\"4719dc80\" data-element_type=\"widget\" data-e-type=\"widget\" data-widget_type=\"divider.default\">\n\t\t\t\t\t\t\t<div class=\"elementor-divider\">\n\t\t\t<span class=\"elementor-divider-separator\">\n\t\t\t\t\t\t<\/span>\n\t\t<\/div>\n\t\t\t\t\t\t<\/div>\n\t\t\t\t\t<\/div>\n\t\t<\/div>\n\t\t\t\t\t<\/div>\n\t\t<\/section>\n\t\t\t\t<section class=\"elementor-section elementor-top-section elementor-element elementor-element-4e38e7fb elementor-section-boxed elementor-section-height-default elementor-section-height-default\" data-id=\"4e38e7fb\" data-element_type=\"section\" data-e-type=\"section\" data-settings=\"{&quot;background_background&quot;:&quot;classic&quot;}\">\n\t\t\t\t\t\t<div class=\"elementor-container elementor-column-gap-default\">\n\t\t\t\t\t<div class=\"elementor-column elementor-col-100 elementor-top-column elementor-element elementor-element-61f8d5d8\" data-id=\"61f8d5d8\" data-element_type=\"column\" data-e-type=\"column\">\n\t\t\t<div class=\"elementor-widget-wrap elementor-element-populated\">\n\t\t\t\t\t\t<div class=\"elementor-element elementor-element-793786c elementor-widget elementor-widget-text-editor\" data-id=\"793786c\" data-element_type=\"widget\" data-e-type=\"widget\" data-widget_type=\"text-editor.default\">\n\t\t\t\t\t\t\t\t\t<p><strong>Ingredientes:<\/strong> Clorhidrato de glucosamina en polvo (HCL), metilsulfonilmetano en polvo (MSM), gelatina: hidroxipropilmetilcelulosa (HPMC), agente de carga: harina de arroz integral, extracto de c\u00farcuma, antiaglomerante: Estearato de magnesio (fuente vegetal), Extracto de hoja de ortiga, Cereza Montmorency en polvo, \u00c1cido asc\u00f3rbico (vitamina C), Extracto de Panax ginseng coreano, Vinagre de sidra de manzana en polvo, Bromelina (1.200 GDU\/g), Extracto de cola de caballo, Papa\u00edna (2.000 u\/mg), Extracto de rosa mosqueta, Extracto de ra\u00edz de jengibre, Extracto de algas.<\/p>\t\t\t\t\t\t\t\t<\/div>\n\t\t\t\t\t<\/div>\n\t\t<\/div>\n\t\t\t\t\t<\/div>\n\t\t<\/section>\n\t\t\t\t<section class=\"elementor-section elementor-top-section elementor-element elementor-element-2265ab88 elementor-section-boxed elementor-section-height-default elementor-section-height-default\" data-id=\"2265ab88\" data-element_type=\"section\" data-e-type=\"section\">\n\t\t\t\t\t\t<div class=\"elementor-container elementor-column-gap-default\">\n\t\t\t\t\t<div class=\"elementor-column elementor-col-100 elementor-top-column elementor-element elementor-element-2052f985\" data-id=\"2052f985\" data-element_type=\"column\" data-e-type=\"column\">\n\t\t\t<div class=\"elementor-widget-wrap elementor-element-populated\">\n\t\t\t\t\t\t<div class=\"elementor-element elementor-element-58d86c70 elementor-widget-divider--view-line elementor-widget elementor-widget-divider\" data-id=\"58d86c70\" data-element_type=\"widget\" data-e-type=\"widget\" data-widget_type=\"divider.default\">\n\t\t\t\t\t\t\t<div class=\"elementor-divider\">\n\t\t\t<span class=\"elementor-divider-separator\">\n\t\t\t\t\t\t<\/span>\n\t\t<\/div>\n\t\t\t\t\t\t<\/div>\n\t\t\t\t<div class=\"elementor-element elementor-element-572d1ed0 elementor-widget elementor-widget-text-editor\" data-id=\"572d1ed0\" data-element_type=\"widget\" data-e-type=\"widget\" data-widget_type=\"text-editor.default\">\n\t\t\t\t\t\t\t\t\t<p><span style=\"color: #008000;\"><strong>Declaraciones de propiedades saludables aprobadas por la EFSA (Autoridad Europea de Seguridad Alimentaria)<\/strong>:<\/span><\/p><ul><li><span style=\"color: #ff9900;\">Vitamina C<\/span> es un cofactor de la s\u00edntesis del col\u00e1geno. Contribuye a la formaci\u00f3n normal de col\u00e1geno para el funcionamiento normal de los vasos sangu\u00edneos, huesos, cart\u00edlagos, enc\u00edas, piel y dientes. Tambi\u00e9n contribuye al mantenimiento del funcionamiento normal del sistema inmunitario, as\u00ed como al metabolismo energ\u00e9tico normal, al funcionamiento normal del sistema nervioso, a la funci\u00f3n psicol\u00f3gica normal, a la protecci\u00f3n de las c\u00e9lulas frente al estr\u00e9s oxidativo, a la reducci\u00f3n de la fatiga y el agotamiento, a la regeneraci\u00f3n de la forma reducida de la vitamina E y a una mayor absorci\u00f3n del hierro.<\/li><\/ul>\t\t\t\t\t\t\t\t<\/div>\n\t\t\t\t\t<\/div>\n\t\t<\/div>\n\t\t\t\t\t<\/div>\n\t\t<\/section>\n\t\t\t\t<\/div>","protected":false},"excerpt":{"rendered":"<p><strong data-start=\"387\" data-end=\"402\">Naturo-Flex<\/strong> combina glucosamina HCL, MSM, vitamina C y extractos de plantas seleccionadas (c\u00farcuma, jengibre, ortiga...). Una f\u00f3rmula completa para favorecer a diario el confort articular, el cart\u00edlago y la movilidad, contribuyendo al mismo tiempo a la formaci\u00f3n normal de col\u00e1geno.<\/p>","protected":false},"featured_media":18626,"comment_status":"open","ping_status":"closed","template":"","meta":{"inline_featured_image":false,"iawp_total_views":44},"product_cat":[98,140,102,122],"product_tag":[],"class_list":{"0":"post-18874","1":"product","2":"type-product","3":"status-publish","4":"has-post-thumbnail","6":"product_cat-energie","7":"product_cat-sans-gluten","8":"product_cat-soutien-osseux-articulaire","9":"product_cat-vegetarien-vegetalien","11":"first","12":"outofstock","13":"featured","14":"shipping-taxable","15":"purchasable","16":"product-type-simple"},"delivery_text_html":"<div class=\"rp_estimated_date rp_outofstock dpid_18874\" data-pid=\"18874\" data-loaded=\"false\"><span class=\"rp_text\"><\/span><\/div>","delivery_time":1775433600,"_links":{"self":[{"href":"https:\/\/www.naturopharma.net\/es\/wp-json\/wp\/v2\/product\/18874","targetHints":{"allow":["GET"]}}],"collection":[{"href":"https:\/\/www.naturopharma.net\/es\/wp-json\/wp\/v2\/product"}],"about":[{"href":"https:\/\/www.naturopharma.net\/es\/wp-json\/wp\/v2\/types\/product"}],"replies":[{"embeddable":true,"href":"https:\/\/www.naturopharma.net\/es\/wp-json\/wp\/v2\/comments?post=18874"}],"version-history":[{"count":3,"href":"https:\/\/www.naturopharma.net\/es\/wp-json\/wp\/v2\/product\/18874\/revisions"}],"predecessor-version":[{"id":27356,"href":"https:\/\/www.naturopharma.net\/es\/wp-json\/wp\/v2\/product\/18874\/revisions\/27356"}],"wp:featuredmedia":[{"embeddable":true,"href":"https:\/\/www.naturopharma.net\/es\/wp-json\/wp\/v2\/media\/18626"}],"wp:attachment":[{"href":"https:\/\/www.naturopharma.net\/es\/wp-json\/wp\/v2\/media?parent=18874"}],"wp:term":[{"taxonomy":"product_cat","embeddable":true,"href":"https:\/\/www.naturopharma.net\/es\/wp-json\/wp\/v2\/product_cat?post=18874"},{"taxonomy":"product_tag","embeddable":true,"href":"https:\/\/www.naturopharma.net\/es\/wp-json\/wp\/v2\/product_tag?post=18874"}],"curies":[{"name":"wp","href":"https:\/\/api.w.org\/{rel}","templated":true}]}}