{"id":18871,"date":"2021-11-15T10:09:02","date_gmt":"2021-11-15T09:09:02","guid":{"rendered":"http:\/\/www.naturopharma.net\/?post_type=product&#038;p=18871"},"modified":"2026-01-31T09:11:57","modified_gmt":"2026-01-31T08:11:57","slug":"cerise-acerola-betterave","status":"publish","type":"product","link":"https:\/\/www.naturopharma.net\/es\/boutique\/cerise-acerola-betterave\/","title":{"rendered":"Cereza y remolacha"},"content":{"rendered":"<div data-elementor-type=\"product-post\" data-elementor-id=\"18871\" class=\"elementor elementor-18871\" data-elementor-post-type=\"product\">\n\t\t\t\t\t\t<section class=\"elementor-section elementor-top-section elementor-element elementor-element-332c8f1a elementor-section-boxed elementor-section-height-default elementor-section-height-default\" data-id=\"332c8f1a\" data-element_type=\"section\" data-e-type=\"section\">\n\t\t\t\t\t\t<div class=\"elementor-container elementor-column-gap-default\">\n\t\t\t\t\t<div class=\"elementor-column elementor-col-100 elementor-top-column elementor-element elementor-element-200b4a3b\" data-id=\"200b4a3b\" data-element_type=\"column\" data-e-type=\"column\">\n\t\t\t<div class=\"elementor-widget-wrap elementor-element-populated\">\n\t\t\t\t\t\t<div class=\"elementor-element elementor-element-a9626ad elementor-widget elementor-widget-text-editor\" data-id=\"a9626ad\" data-element_type=\"widget\" data-e-type=\"widget\" data-widget_type=\"text-editor.default\">\n\t\t\t\t\t\t\t\t\t<h4><span style=\"color: #008000;\">F\u00f3rmula de cereza Montmorency y remolacha, adem\u00e1s de aliados nutricionales.<\/span><\/h4><hr \/><p>La <span style=\"color: #ff0000;\">F\u00f3rmula de acerola y cereza<\/span> - La remolacha combina polvo y extracto de remolacha roja (10:1), con polvo y extracto de cereza \u00e1cida Montmorency (10:1), para proporcionar una f\u00f3rmula concentrada. <strong>4500 mg por c\u00e1psula<\/strong>.<\/p><p>Estos superalimentos se complementan con la adici\u00f3n de tres aliados nutricionales en la misma f\u00f3rmula - vitamina B6 , pimienta negra en polvo y extracto de c\u00farcuma ( 95% curcumina ) - para proporcionar apoyo adicional para reducir la fatiga y el agotamiento, el metabolismo energ\u00e9tico, la inmunidad, la formaci\u00f3n de gl\u00f3bulos rojos, el sistema nervioso, la actividad hormonal, el metabolismo de prote\u00ednas y gluc\u00f3geno y m\u00e1s.<\/p><p>Este suplemento diet\u00e9tico es rico en antioxidantes biodisponibles (incluidas las antocianinas) y contiene hierro no irritante, mientras que la pimienta negra mejora la absorci\u00f3n y utilizaci\u00f3n de los ingredientes beneficiosos de la f\u00f3rmula.<\/p><p>Las c\u00e1psulas combinadas de cereza y remolacha son especialmente populares entre los deportistas, debido a los altos niveles de nitrato diet\u00e9tico presentes en la remolacha, los agentes antiinflamatorios presentes en la cereza Montmorency y los altos niveles de antioxidantes presentes en ambas. Combinado con vitamina B6, pimienta negra en polvo y extracto de c\u00farcuma, este suplemento ofrece a quienes exigen mucho a su organismo una combinaci\u00f3n ganadora para conseguir altos niveles de energ\u00eda, resistencia, inmunidad y bienestar general.<\/p>\t\t\t\t\t\t\t\t<\/div>\n\t\t\t\t<div class=\"elementor-element elementor-element-abf6220 elementor-widget-divider--view-line elementor-widget elementor-widget-divider\" data-id=\"abf6220\" data-element_type=\"widget\" data-e-type=\"widget\" data-widget_type=\"divider.default\">\n\t\t\t\t\t\t\t<div class=\"elementor-divider\">\n\t\t\t<span class=\"elementor-divider-separator\">\n\t\t\t\t\t\t<\/span>\n\t\t<\/div>\n\t\t\t\t\t\t<\/div>\n\t\t\t\t\t<\/div>\n\t\t<\/div>\n\t\t\t\t\t<\/div>\n\t\t<\/section>\n\t\t\t\t<section class=\"elementor-section elementor-top-section elementor-element elementor-element-c5bcb2a elementor-section-boxed elementor-section-height-default elementor-section-height-default\" data-id=\"c5bcb2a\" data-element_type=\"section\" data-e-type=\"section\">\n\t\t\t\t\t\t<div class=\"elementor-container elementor-column-gap-default\">\n\t\t\t\t\t<div class=\"elementor-column elementor-col-100 elementor-top-column elementor-element elementor-element-6f2f74a\" data-id=\"6f2f74a\" data-element_type=\"column\" data-e-type=\"column\">\n\t\t\t<div class=\"elementor-widget-wrap elementor-element-populated\">\n\t\t\t\t\t\t<section class=\"elementor-section elementor-inner-section elementor-element elementor-element-1fe5da1 elementor-section-boxed elementor-section-height-default elementor-section-height-default\" data-id=\"1fe5da1\" data-element_type=\"section\" data-e-type=\"section\">\n\t\t\t\t\t\t<div class=\"elementor-container elementor-column-gap-default\">\n\t\t\t\t\t<div class=\"elementor-column elementor-col-50 elementor-inner-column elementor-element elementor-element-4e35794\" data-id=\"4e35794\" data-element_type=\"column\" data-e-type=\"column\">\n\t\t\t<div class=\"elementor-widget-wrap elementor-element-populated\">\n\t\t\t\t\t\t<div class=\"elementor-element elementor-element-ae506f3 elementor-view-default elementor-widget elementor-widget-icon\" data-id=\"ae506f3\" data-element_type=\"widget\" data-e-type=\"widget\" data-widget_type=\"icon.default\">\n\t\t\t\t\t\t\t<div class=\"elementor-icon-wrapper\">\n\t\t\t<div class=\"elementor-icon\">\n\t\t\t<i aria-hidden=\"true\" class=\"smartic-icon- smartic-icon-organic\"><\/i>\t\t\t<\/div>\n\t\t<\/div>\n\t\t\t\t\t\t<\/div>\n\t\t\t\t\t<\/div>\n\t\t<\/div>\n\t\t\t\t<div class=\"elementor-column elementor-col-50 elementor-inner-column elementor-element elementor-element-b29e0b9\" data-id=\"b29e0b9\" data-element_type=\"column\" data-e-type=\"column\">\n\t\t\t<div class=\"elementor-widget-wrap elementor-element-populated\">\n\t\t\t\t\t\t<div class=\"elementor-element elementor-element-d0d561e elementor-widget elementor-widget-text-editor\" data-id=\"d0d561e\" data-element_type=\"widget\" data-e-type=\"widget\" data-widget_type=\"text-editor.default\">\n\t\t\t\t\t\t\t\t\t<p>No contiene colorantes artificiales, aromas, conservantes, productos l\u00e1cteos, gluten, lactosa, soja, az\u00facar, trigo ni levadura.<\/p>\t\t\t\t\t\t\t\t<\/div>\n\t\t\t\t\t<\/div>\n\t\t<\/div>\n\t\t\t\t\t<\/div>\n\t\t<\/section>\n\t\t\t\t<section class=\"elementor-section elementor-inner-section elementor-element elementor-element-07c9cf2 elementor-section-boxed elementor-section-height-default elementor-section-height-default\" data-id=\"07c9cf2\" data-element_type=\"section\" data-e-type=\"section\">\n\t\t\t\t\t\t<div class=\"elementor-container elementor-column-gap-default\">\n\t\t\t\t\t<div class=\"elementor-column elementor-col-50 elementor-inner-column elementor-element elementor-element-a76a46f\" data-id=\"a76a46f\" data-element_type=\"column\" data-e-type=\"column\">\n\t\t\t<div class=\"elementor-widget-wrap elementor-element-populated\">\n\t\t\t\t\t\t<div class=\"elementor-element elementor-element-336424c elementor-view-default elementor-widget elementor-widget-icon\" data-id=\"336424c\" data-element_type=\"widget\" data-e-type=\"widget\" data-widget_type=\"icon.default\">\n\t\t\t\t\t\t\t<div class=\"elementor-icon-wrapper\">\n\t\t\t<div class=\"elementor-icon\">\n\t\t\t<i aria-hidden=\"true\" class=\"smartic-icon- smartic-icon-vegan\"><\/i>\t\t\t<\/div>\n\t\t<\/div>\n\t\t\t\t\t\t<\/div>\n\t\t\t\t\t<\/div>\n\t\t<\/div>\n\t\t\t\t<div class=\"elementor-column elementor-col-50 elementor-inner-column elementor-element elementor-element-31c18b2\" data-id=\"31c18b2\" data-element_type=\"column\" data-e-type=\"column\">\n\t\t\t<div class=\"elementor-widget-wrap elementor-element-populated\">\n\t\t\t\t\t\t<div class=\"elementor-element elementor-element-17b4850 elementor-widget elementor-widget-text-editor\" data-id=\"17b4850\" data-element_type=\"widget\" data-e-type=\"widget\" data-widget_type=\"text-editor.default\">\n\t\t\t\t\t\t\t\t\t<p>Apto para vegetarianos y veganos.<br \/>100% Natural No GMO<\/p>\t\t\t\t\t\t\t\t<\/div>\n\t\t\t\t\t<\/div>\n\t\t<\/div>\n\t\t\t\t\t<\/div>\n\t\t<\/section>\n\t\t\t\t<section class=\"elementor-section elementor-inner-section elementor-element elementor-element-a380ee7 elementor-section-boxed elementor-section-height-default elementor-section-height-default\" data-id=\"a380ee7\" data-element_type=\"section\" data-e-type=\"section\">\n\t\t\t\t\t\t<div class=\"elementor-container elementor-column-gap-default\">\n\t\t\t\t\t<div class=\"elementor-column elementor-col-50 elementor-inner-column elementor-element elementor-element-92870f7\" data-id=\"92870f7\" data-element_type=\"column\" data-e-type=\"column\">\n\t\t\t<div class=\"elementor-widget-wrap elementor-element-populated\">\n\t\t\t\t\t\t<div class=\"elementor-element elementor-element-90abec7 elementor-view-default elementor-widget elementor-widget-icon\" data-id=\"90abec7\" data-element_type=\"widget\" data-e-type=\"widget\" data-widget_type=\"icon.default\">\n\t\t\t\t\t\t\t<div class=\"elementor-icon-wrapper\">\n\t\t\t<div class=\"elementor-icon\">\n\t\t\t<i aria-hidden=\"true\" class=\"smartic-icon- smartic-icon-quality\"><\/i>\t\t\t<\/div>\n\t\t<\/div>\n\t\t\t\t\t\t<\/div>\n\t\t\t\t\t<\/div>\n\t\t<\/div>\n\t\t\t\t<div class=\"elementor-column elementor-col-50 elementor-inner-column elementor-element elementor-element-844f236\" data-id=\"844f236\" data-element_type=\"column\" data-e-type=\"column\">\n\t\t\t<div class=\"elementor-widget-wrap elementor-element-populated\">\n\t\t\t\t\t\t<div class=\"elementor-element elementor-element-81b4a12 elementor-widget elementor-widget-text-editor\" data-id=\"81b4a12\" data-element_type=\"widget\" data-e-type=\"widget\" data-widget_type=\"text-editor.default\">\n\t\t\t\t\t\t\t\t\t<p>Laboratorio con certificaci\u00f3n ISO 9001<br \/>Buenas pr\u00e1cticas de fabricaci\u00f3n certificadas<\/p>\t\t\t\t\t\t\t\t<\/div>\n\t\t\t\t\t<\/div>\n\t\t<\/div>\n\t\t\t\t\t<\/div>\n\t\t<\/section>\n\t\t\t\t<div class=\"elementor-element elementor-element-7cb6077 elementor-widget-divider--view-line elementor-widget elementor-widget-divider\" data-id=\"7cb6077\" data-element_type=\"widget\" data-e-type=\"widget\" data-widget_type=\"divider.default\">\n\t\t\t\t\t\t\t<div class=\"elementor-divider\">\n\t\t\t<span class=\"elementor-divider-separator\">\n\t\t\t\t\t\t<\/span>\n\t\t<\/div>\n\t\t\t\t\t\t<\/div>\n\t\t\t\t\t<\/div>\n\t\t<\/div>\n\t\t\t\t\t<\/div>\n\t\t<\/section>\n\t\t\t\t<section class=\"elementor-section elementor-top-section elementor-element elementor-element-0f84cd3 elementor-section-boxed elementor-section-height-default elementor-section-height-default\" data-id=\"0f84cd3\" data-element_type=\"section\" data-e-type=\"section\" data-settings=\"{&quot;background_background&quot;:&quot;classic&quot;}\">\n\t\t\t\t\t\t<div class=\"elementor-container elementor-column-gap-default\">\n\t\t\t\t\t<div class=\"elementor-column elementor-col-100 elementor-top-column elementor-element elementor-element-9cec445\" data-id=\"9cec445\" data-element_type=\"column\" data-e-type=\"column\">\n\t\t\t<div class=\"elementor-widget-wrap elementor-element-populated\">\n\t\t\t\t\t\t<div class=\"elementor-element elementor-element-df06f89 elementor-widget elementor-widget-text-editor\" data-id=\"df06f89\" data-element_type=\"widget\" data-e-type=\"widget\" data-widget_type=\"text-editor.default\">\n\t\t\t\t\t\t\t\t\t<p><strong>Composici\u00f3n:<\/strong>\u00a0Extracto de remolacha, extracto de cereza Montmorency, cubierta de la c\u00e1psula: Hidroxipropilmetilcelulosa (HPMC), antiaglomerante: Estearato de magnesio (sales magn\u00e9sicas de \u00e1cidos grasos) (fuente vegetal), Pimienta negra en polvo, Extracto de c\u00farcuma (95% Curcumin), Vitamina B6 Piridoxina Hcl.<\/p>\t\t\t\t\t\t\t\t<\/div>\n\t\t\t\t\t<\/div>\n\t\t<\/div>\n\t\t\t\t\t<\/div>\n\t\t<\/section>\n\t\t\t\t<section class=\"elementor-section elementor-top-section elementor-element elementor-element-050014d elementor-section-boxed elementor-section-height-default elementor-section-height-default\" data-id=\"050014d\" data-element_type=\"section\" data-e-type=\"section\">\n\t\t\t\t\t\t<div class=\"elementor-container elementor-column-gap-default\">\n\t\t\t\t\t<div class=\"elementor-column elementor-col-100 elementor-top-column elementor-element elementor-element-15c6ee0\" data-id=\"15c6ee0\" data-element_type=\"column\" data-e-type=\"column\">\n\t\t\t<div class=\"elementor-widget-wrap elementor-element-populated\">\n\t\t\t\t\t\t<div class=\"elementor-element elementor-element-85ebdf9 elementor-widget-divider--view-line elementor-widget elementor-widget-divider\" data-id=\"85ebdf9\" data-element_type=\"widget\" data-e-type=\"widget\" data-widget_type=\"divider.default\">\n\t\t\t\t\t\t\t<div class=\"elementor-divider\">\n\t\t\t<span class=\"elementor-divider-separator\">\n\t\t\t\t\t\t<\/span>\n\t\t<\/div>\n\t\t\t\t\t\t<\/div>\n\t\t\t\t<div class=\"elementor-element elementor-element-d57fcdc elementor-widget elementor-widget-text-editor\" data-id=\"d57fcdc\" data-element_type=\"widget\" data-e-type=\"widget\" data-widget_type=\"text-editor.default\">\n\t\t\t\t\t\t\t\t\t<p><span style=\"color: #008000;\"><strong>Declaraci\u00f3n de propiedades saludables aprobada por la EFSA (Autoridad Europea de Seguridad Alimentaria):<\/strong><\/span><\/p><p><strong>Vitamina B6<\/strong> contribuye al funcionamiento normal del sistema inmunitario, a la regulaci\u00f3n de la actividad hormonal, a la s\u00edntesis normal de ciste\u00edna, al metabolismo energ\u00e9tico normal, al metabolismo normal de la homociste\u00edna, al metabolismo normal de las prote\u00ednas y del gluc\u00f3geno y a la reducci\u00f3n de la fatiga.<\/p>\t\t\t\t\t\t\t\t<\/div>\n\t\t\t\t\t<\/div>\n\t\t<\/div>\n\t\t\t\t\t<\/div>\n\t\t<\/section>\n\t\t\t\t<\/div>","protected":false},"excerpt":{"rendered":"<p>Estos dos superalimentos se complementan con la adici\u00f3n de tres aliados nutricionales en la misma f\u00f3rmula -\u00a0<strong>vitamina B6<\/strong>\u00a0,\u00a0<strong>pimienta negra en polvo<\/strong>\u00a0y\u00a0<strong>extracto de c\u00farcuma<\/strong>\u00a0(\u00a0<strong>95% curcumina<\/strong>\u00a0)<\/p>\n<ul>\n<li><span style=\"color: #ff6600;\"><strong>Vitalidad<\/strong><\/span><\/li>\n<li><span style=\"color: #ff6600;\"><strong>Metabolismo energ\u00e9tico\u00a0<\/strong><\/span><\/li>\n<\/ul>","protected":false},"featured_media":18620,"comment_status":"open","ping_status":"closed","template":"","meta":{"inline_featured_image":false,"iawp_total_views":95},"product_cat":[97,98,100,106,101,102],"product_tag":[],"class_list":{"0":"post-18871","1":"product","2":"type-product","3":"status-publish","4":"has-post-thumbnail","6":"product_cat-antioxydants","7":"product_cat-energie","8":"product_cat-immunite","9":"product_cat-nettoyer-et-detoxifier","10":"product_cat-sante-cardiaque","11":"product_cat-soutien-osseux-articulaire","13":"first","14":"outofstock","15":"featured","16":"shipping-taxable","17":"purchasable","18":"product-type-simple"},"delivery_text_html":"<div class=\"rp_estimated_date rp_outofstock dpid_18871\" data-pid=\"18871\" data-loaded=\"false\"><span class=\"rp_text\"><\/span><\/div>","delivery_time":1776038400,"_links":{"self":[{"href":"https:\/\/www.naturopharma.net\/es\/wp-json\/wp\/v2\/product\/18871","targetHints":{"allow":["GET"]}}],"collection":[{"href":"https:\/\/www.naturopharma.net\/es\/wp-json\/wp\/v2\/product"}],"about":[{"href":"https:\/\/www.naturopharma.net\/es\/wp-json\/wp\/v2\/types\/product"}],"replies":[{"embeddable":true,"href":"https:\/\/www.naturopharma.net\/es\/wp-json\/wp\/v2\/comments?post=18871"}],"version-history":[{"count":1,"href":"https:\/\/www.naturopharma.net\/es\/wp-json\/wp\/v2\/product\/18871\/revisions"}],"predecessor-version":[{"id":27345,"href":"https:\/\/www.naturopharma.net\/es\/wp-json\/wp\/v2\/product\/18871\/revisions\/27345"}],"wp:featuredmedia":[{"embeddable":true,"href":"https:\/\/www.naturopharma.net\/es\/wp-json\/wp\/v2\/media\/18620"}],"wp:attachment":[{"href":"https:\/\/www.naturopharma.net\/es\/wp-json\/wp\/v2\/media?parent=18871"}],"wp:term":[{"taxonomy":"product_cat","embeddable":true,"href":"https:\/\/www.naturopharma.net\/es\/wp-json\/wp\/v2\/product_cat?post=18871"},{"taxonomy":"product_tag","embeddable":true,"href":"https:\/\/www.naturopharma.net\/es\/wp-json\/wp\/v2\/product_tag?post=18871"}],"curies":[{"name":"wp","href":"https:\/\/api.w.org\/{rel}","templated":true}]}}