{"id":17774,"date":"2021-12-01T09:15:24","date_gmt":"2021-12-01T08:15:24","guid":{"rendered":"http:\/\/www.naturopharma.net\/?post_type=product&#038;p=17774"},"modified":"2026-01-31T09:40:22","modified_gmt":"2026-01-31T08:40:22","slug":"omega-3-huile-de-krill","status":"publish","type":"product","link":"https:\/\/www.naturopharma.net\/es\/boutique\/omega-3-huile-de-krill\/","title":{"rendered":"Aceite de Krill 500mg"},"content":{"rendered":"<div data-elementor-type=\"product-post\" data-elementor-id=\"17774\" class=\"elementor elementor-17774\" data-elementor-post-type=\"product\">\n\t\t\t\t\t\t<section class=\"elementor-section elementor-top-section elementor-element elementor-element-26386e7 elementor-section-boxed elementor-section-height-default elementor-section-height-default\" data-id=\"26386e7\" data-element_type=\"section\" data-e-type=\"section\">\n\t\t\t\t\t\t<div class=\"elementor-container elementor-column-gap-default\">\n\t\t\t\t\t<div class=\"elementor-column elementor-col-100 elementor-top-column elementor-element elementor-element-35281eea\" data-id=\"35281eea\" data-element_type=\"column\" data-e-type=\"column\">\n\t\t\t<div class=\"elementor-widget-wrap elementor-element-populated\">\n\t\t\t\t\t\t<div class=\"elementor-element elementor-element-5663bb9f elementor-widget elementor-widget-text-editor\" data-id=\"5663bb9f\" data-element_type=\"widget\" data-e-type=\"widget\" data-widget_type=\"text-editor.default\">\n\t\t\t\t\t\t\t\t\t<h4><span style=\"color: #339966;\">Omega 3 (500 mg): Aceite de krill ant\u00e1rtico<\/span><\/h4>\t\t\t\t\t\t\t\t<\/div>\n\t\t\t\t<div class=\"elementor-element elementor-element-78c5655a elementor-widget-divider--view-line elementor-widget elementor-widget-divider\" data-id=\"78c5655a\" data-element_type=\"widget\" data-e-type=\"widget\" data-widget_type=\"divider.default\">\n\t\t\t\t\t\t\t<div class=\"elementor-divider\">\n\t\t\t<span class=\"elementor-divider-separator\">\n\t\t\t\t\t\t<\/span>\n\t\t<\/div>\n\t\t\t\t\t\t<\/div>\n\t\t\t\t\t<\/div>\n\t\t<\/div>\n\t\t\t\t\t<\/div>\n\t\t<\/section>\n\t\t\t\t<section class=\"elementor-section elementor-top-section elementor-element elementor-element-1f1a0d05 elementor-section-boxed elementor-section-height-default elementor-section-height-default\" data-id=\"1f1a0d05\" data-element_type=\"section\" data-e-type=\"section\">\n\t\t\t\t\t\t<div class=\"elementor-container elementor-column-gap-default\">\n\t\t\t\t\t<div class=\"elementor-column elementor-col-100 elementor-top-column elementor-element elementor-element-29c44e3\" data-id=\"29c44e3\" data-element_type=\"column\" data-e-type=\"column\">\n\t\t\t<div class=\"elementor-widget-wrap elementor-element-populated\">\n\t\t\t\t\t\t<div class=\"elementor-element elementor-element-11102359 elementor-widget elementor-widget-text-editor\" data-id=\"11102359\" data-element_type=\"widget\" data-e-type=\"widget\" data-widget_type=\"text-editor.default\">\n\t\t\t\t\t\t\t\t\t<p><span style=\"color: #ff6600;\"><strong>Aceite de krill ant\u00e1rtico<\/strong><\/span> (\u00a0<strong><em>Euphausia superba<\/em><\/strong>\u00a0) es una fuente natural de aceite omega 3 altamente concentrado, del potente antioxidante astaxantina, as\u00ed como de altos niveles de fosfol\u00edpidos, un componente fundamental de las membranas celulares humanas. Contiene dos tipos de \u00e1cidos grasos Omega 3: el \u00e1cido eicosapentaenoico (\u00a0<strong>EPA<\/strong>\u00a0) y el \u00e1cido docosahexaenoico (\u00a0<strong>DHA<\/strong>\u00a0).<\/p><p>El aceite de krill se utiliza por las mismas razones que el aceite de h\u00edgado de bacalao, el aceite de linaza y otros \u00e1cidos grasos omega 3, pero a menudo se prefiere porque no provoca eructos ni regusto a pescado, un efecto secundario habitual del aceite de pescado.<\/p><p>El hecho de que contenga astaxantina tambi\u00e9n es \u00fanico. El antioxidante por excelencia: los investigadores han descubierto que puede ser m\u00e1s potente que la vitamina E, el betacaroteno y la lute\u00edna. Tambi\u00e9n puede reforzar la acci\u00f3n de otros antioxidantes, como las vitaminas E y C.<\/p><p>Nuestro aceite de krill es una f\u00f3rmula de alta potencia (\u00a0<strong>500 mg<\/strong>\u00a0), suministrado en una c\u00e1psula de gel marino f\u00e1cil de tragar. Procede exclusivamente de pesquer\u00edas ant\u00e1rticas sostenibles, a trav\u00e9s de nuestros socios Aker BioMarine\u2122, que colaboran con la World Wildlife Foundation Norway para garantizar la captura sostenible del krill.<\/p><p>Por c\u00e1psula de 715 mg: Aceite de krill (Superba) - 500 mg, de los cuales... Fosfol\u00edpidos totales (de los cuales Fosfatidilcolina 150mg, de los cuales Colina 25mg) - 200mg Omega 3 (de los cuales EPA 60mg, DHA 27,5mg) - 110mg Astaxantina - 50mcg<\/p>\t\t\t\t\t\t\t\t<\/div>\n\t\t\t\t<div class=\"elementor-element elementor-element-3ca77b45 elementor-widget-divider--view-line elementor-widget elementor-widget-divider\" data-id=\"3ca77b45\" data-element_type=\"widget\" data-e-type=\"widget\" data-widget_type=\"divider.default\">\n\t\t\t\t\t\t\t<div class=\"elementor-divider\">\n\t\t\t<span class=\"elementor-divider-separator\">\n\t\t\t\t\t\t<\/span>\n\t\t<\/div>\n\t\t\t\t\t\t<\/div>\n\t\t\t\t\t<\/div>\n\t\t<\/div>\n\t\t\t\t\t<\/div>\n\t\t<\/section>\n\t\t\t\t<section class=\"elementor-section elementor-top-section elementor-element elementor-element-4f7768c7 elementor-section-boxed elementor-section-height-default elementor-section-height-default\" data-id=\"4f7768c7\" data-element_type=\"section\" data-e-type=\"section\">\n\t\t\t\t\t\t<div class=\"elementor-container elementor-column-gap-default\">\n\t\t\t\t\t<div class=\"elementor-column elementor-col-100 elementor-top-column elementor-element elementor-element-8363656\" data-id=\"8363656\" data-element_type=\"column\" data-e-type=\"column\">\n\t\t\t<div class=\"elementor-widget-wrap elementor-element-populated\">\n\t\t\t\t\t\t<section class=\"elementor-section elementor-inner-section elementor-element elementor-element-60f009a9 elementor-section-boxed elementor-section-height-default elementor-section-height-default\" data-id=\"60f009a9\" data-element_type=\"section\" data-e-type=\"section\">\n\t\t\t\t\t\t<div class=\"elementor-container elementor-column-gap-default\">\n\t\t\t\t\t<div class=\"elementor-column elementor-col-50 elementor-inner-column elementor-element elementor-element-6b370bd9\" data-id=\"6b370bd9\" data-element_type=\"column\" data-e-type=\"column\">\n\t\t\t<div class=\"elementor-widget-wrap elementor-element-populated\">\n\t\t\t\t\t\t<div class=\"elementor-element elementor-element-6f2ae989 elementor-view-default elementor-widget elementor-widget-icon\" data-id=\"6f2ae989\" data-element_type=\"widget\" data-e-type=\"widget\" data-widget_type=\"icon.default\">\n\t\t\t\t\t\t\t<div class=\"elementor-icon-wrapper\">\n\t\t\t<div class=\"elementor-icon\">\n\t\t\t<i aria-hidden=\"true\" class=\"smartic-icon- smartic-icon-eco\"><\/i>\t\t\t<\/div>\n\t\t<\/div>\n\t\t\t\t\t\t<\/div>\n\t\t\t\t\t<\/div>\n\t\t<\/div>\n\t\t\t\t<div class=\"elementor-column elementor-col-50 elementor-inner-column elementor-element elementor-element-26f89e70\" data-id=\"26f89e70\" data-element_type=\"column\" data-e-type=\"column\">\n\t\t\t<div class=\"elementor-widget-wrap elementor-element-populated\">\n\t\t\t\t\t\t<div class=\"elementor-element elementor-element-c9b9964 elementor-widget elementor-widget-text-editor\" data-id=\"c9b9964\" data-element_type=\"widget\" data-e-type=\"widget\" data-widget_type=\"text-editor.default\">\n\t\t\t\t\t\t\t\t\t<p>Materia prima controlada procedente de la pesca ecorresponsable.<br \/>100% Natural No GMO<\/p>\t\t\t\t\t\t\t\t<\/div>\n\t\t\t\t\t<\/div>\n\t\t<\/div>\n\t\t\t\t\t<\/div>\n\t\t<\/section>\n\t\t\t\t<section class=\"elementor-section elementor-inner-section elementor-element elementor-element-430bf4fe elementor-section-boxed elementor-section-height-default elementor-section-height-default\" data-id=\"430bf4fe\" data-element_type=\"section\" data-e-type=\"section\">\n\t\t\t\t\t\t<div class=\"elementor-container elementor-column-gap-default\">\n\t\t\t\t\t<div class=\"elementor-column elementor-col-50 elementor-inner-column elementor-element elementor-element-19c61894\" data-id=\"19c61894\" data-element_type=\"column\" data-e-type=\"column\">\n\t\t\t<div class=\"elementor-widget-wrap elementor-element-populated\">\n\t\t\t\t\t\t<div class=\"elementor-element elementor-element-4589c84 elementor-view-default elementor-widget elementor-widget-icon\" data-id=\"4589c84\" data-element_type=\"widget\" data-e-type=\"widget\" data-widget_type=\"icon.default\">\n\t\t\t\t\t\t\t<div class=\"elementor-icon-wrapper\">\n\t\t\t<div class=\"elementor-icon\">\n\t\t\t<i aria-hidden=\"true\" class=\"smartic-icon- smartic-icon-organic\"><\/i>\t\t\t<\/div>\n\t\t<\/div>\n\t\t\t\t\t\t<\/div>\n\t\t\t\t\t<\/div>\n\t\t<\/div>\n\t\t\t\t<div class=\"elementor-column elementor-col-50 elementor-inner-column elementor-element elementor-element-60ac803a\" data-id=\"60ac803a\" data-element_type=\"column\" data-e-type=\"column\">\n\t\t\t<div class=\"elementor-widget-wrap elementor-element-populated\">\n\t\t\t\t\t\t<div class=\"elementor-element elementor-element-5354eac3 elementor-widget elementor-widget-text-editor\" data-id=\"5354eac3\" data-element_type=\"widget\" data-e-type=\"widget\" data-widget_type=\"text-editor.default\">\n\t\t\t\t\t\t\t\t\t<p>No contiene colorantes artificiales, aromas, conservantes, productos l\u00e1cteos, gluten, lactosa, soja, az\u00facar, trigo ni levadura.\u00a0<\/p>\t\t\t\t\t\t\t\t<\/div>\n\t\t\t\t\t<\/div>\n\t\t<\/div>\n\t\t\t\t\t<\/div>\n\t\t<\/section>\n\t\t\t\t<section class=\"elementor-section elementor-inner-section elementor-element elementor-element-5e5e24de elementor-section-boxed elementor-section-height-default elementor-section-height-default\" data-id=\"5e5e24de\" data-element_type=\"section\" data-e-type=\"section\">\n\t\t\t\t\t\t<div class=\"elementor-container elementor-column-gap-default\">\n\t\t\t\t\t<div class=\"elementor-column elementor-col-50 elementor-inner-column elementor-element elementor-element-6223d63\" data-id=\"6223d63\" data-element_type=\"column\" data-e-type=\"column\">\n\t\t\t<div class=\"elementor-widget-wrap elementor-element-populated\">\n\t\t\t\t\t\t<div class=\"elementor-element elementor-element-4c9a1c61 elementor-view-default elementor-widget elementor-widget-icon\" data-id=\"4c9a1c61\" data-element_type=\"widget\" data-e-type=\"widget\" data-widget_type=\"icon.default\">\n\t\t\t\t\t\t\t<div class=\"elementor-icon-wrapper\">\n\t\t\t<div class=\"elementor-icon\">\n\t\t\t<i aria-hidden=\"true\" class=\"smartic-icon- smartic-icon-quality\"><\/i>\t\t\t<\/div>\n\t\t<\/div>\n\t\t\t\t\t\t<\/div>\n\t\t\t\t\t<\/div>\n\t\t<\/div>\n\t\t\t\t<div class=\"elementor-column elementor-col-50 elementor-inner-column elementor-element elementor-element-4f989851\" data-id=\"4f989851\" data-element_type=\"column\" data-e-type=\"column\">\n\t\t\t<div class=\"elementor-widget-wrap elementor-element-populated\">\n\t\t\t\t\t\t<div class=\"elementor-element elementor-element-1fb63500 elementor-widget elementor-widget-text-editor\" data-id=\"1fb63500\" data-element_type=\"widget\" data-e-type=\"widget\" data-widget_type=\"text-editor.default\">\n\t\t\t\t\t\t\t\t\t<p>Laboratorio con certificaci\u00f3n ISO 9001<br \/>Buenas pr\u00e1cticas de fabricaci\u00f3n certificadas<\/p>\t\t\t\t\t\t\t\t<\/div>\n\t\t\t\t\t<\/div>\n\t\t<\/div>\n\t\t\t\t\t<\/div>\n\t\t<\/section>\n\t\t\t\t<div class=\"elementor-element elementor-element-49da10cd elementor-widget-divider--view-line elementor-widget elementor-widget-divider\" data-id=\"49da10cd\" data-element_type=\"widget\" data-e-type=\"widget\" data-widget_type=\"divider.default\">\n\t\t\t\t\t\t\t<div class=\"elementor-divider\">\n\t\t\t<span class=\"elementor-divider-separator\">\n\t\t\t\t\t\t<\/span>\n\t\t<\/div>\n\t\t\t\t\t\t<\/div>\n\t\t\t\t\t<\/div>\n\t\t<\/div>\n\t\t\t\t\t<\/div>\n\t\t<\/section>\n\t\t\t\t<section class=\"elementor-section elementor-top-section elementor-element elementor-element-5ceee78f elementor-section-boxed elementor-section-height-default elementor-section-height-default\" data-id=\"5ceee78f\" data-element_type=\"section\" data-e-type=\"section\" data-settings=\"{&quot;background_background&quot;:&quot;classic&quot;}\">\n\t\t\t\t\t\t<div class=\"elementor-container elementor-column-gap-default\">\n\t\t\t\t\t<div class=\"elementor-column elementor-col-100 elementor-top-column elementor-element elementor-element-4f617fd0\" data-id=\"4f617fd0\" data-element_type=\"column\" data-e-type=\"column\">\n\t\t\t<div class=\"elementor-widget-wrap elementor-element-populated\">\n\t\t\t\t\t\t<div class=\"elementor-element elementor-element-5ffe9b8f elementor-widget elementor-widget-text-editor\" data-id=\"5ffe9b8f\" data-element_type=\"widget\" data-e-type=\"widget\" data-widget_type=\"text-editor.default\">\n\t\t\t\t\t\t\t\t\t<p><strong>Composici\u00f3n:<\/strong>\u00a0Extracto de aceite de krill (Euphausia Superba) (<strong>\u00a0marisco<\/strong>\u00a0), cubierta de la c\u00e1psula (gelatina bovina), glicerol, agua.<\/p><p><strong>AVISO DE ALERGIA :<\/strong>\u00a0No apto para personas al\u00e9rgicas al pescado o al marisco. Las personas que padezcan coagulopat\u00eda o tomen anticoagulantes deben consultar a su m\u00e9dico antes de utilizarlo. No debe administrarse a mujeres embarazadas o en per\u00edodo de lactancia.<\/p>\t\t\t\t\t\t\t\t<\/div>\n\t\t\t\t\t<\/div>\n\t\t<\/div>\n\t\t\t\t\t<\/div>\n\t\t<\/section>\n\t\t\t\t<section class=\"elementor-section elementor-top-section elementor-element elementor-element-12b9746b elementor-section-boxed elementor-section-height-default elementor-section-height-default\" data-id=\"12b9746b\" data-element_type=\"section\" data-e-type=\"section\">\n\t\t\t\t\t\t<div class=\"elementor-container elementor-column-gap-default\">\n\t\t\t\t\t<div class=\"elementor-column elementor-col-100 elementor-top-column elementor-element elementor-element-760b573b\" data-id=\"760b573b\" data-element_type=\"column\" data-e-type=\"column\">\n\t\t\t<div class=\"elementor-widget-wrap elementor-element-populated\">\n\t\t\t\t\t\t<div class=\"elementor-element elementor-element-9c99f4d elementor-widget-divider--view-line elementor-widget elementor-widget-divider\" data-id=\"9c99f4d\" data-element_type=\"widget\" data-e-type=\"widget\" data-widget_type=\"divider.default\">\n\t\t\t\t\t\t\t<div class=\"elementor-divider\">\n\t\t\t<span class=\"elementor-divider-separator\">\n\t\t\t\t\t\t<\/span>\n\t\t<\/div>\n\t\t\t\t\t\t<\/div>\n\t\t\t\t<div class=\"elementor-element elementor-element-1cca303 elementor-widget elementor-widget-text-editor\" data-id=\"1cca303\" data-element_type=\"widget\" data-e-type=\"widget\" data-widget_type=\"text-editor.default\">\n\t\t\t\t\t\t\t\t\t<p><span style=\"color: #008000;\"><strong>Declaraciones de propiedades saludables aprobadas por la EFSA (Autoridad Europea de Seguridad Alimentaria):<\/strong><\/span><\/p><ul><li>El EPA y el DHA contribuyen al funcionamiento normal del coraz\u00f3n (con una ingesta diaria de 250 mg).<\/li><li>El DHA y el EPA ayudan a mantener una presi\u00f3n arterial normal (con una ingesta diaria de 3 g de EPA y DHA)*.<\/li><li>El DHA ayuda a mantener niveles normales de triglic\u00e9ridos en sangre (con una ingesta diaria de 2 g de DHA y cuando se toma en combinaci\u00f3n con EPA)*.<\/li><li>El DHA ayuda a mantener el funcionamiento normal del cerebro (con una ingesta diaria de 250 mg de DHA).<\/li><li>El DHA ayuda a mantener una visi\u00f3n normal (con una ingesta diaria de 250 mg de DHA).<\/li><\/ul><p>*Los consumidores no deben superar una ingesta diaria adicional de 5 g de EPA y DHA combinados.<\/p>\t\t\t\t\t\t\t\t<\/div>\n\t\t\t\t\t<\/div>\n\t\t<\/div>\n\t\t\t\t\t<\/div>\n\t\t<\/section>\n\t\t\t\t<\/div>","protected":false},"excerpt":{"rendered":"<p><strong>Aceite de Krill Ant\u00e1rtico - Fuente natural de Omega 3<\/strong><br \/>\nRico en omega 3 y antioxidantes, nuestro aceite de krill favorece la salud del coraz\u00f3n y combate la inflamaci\u00f3n. Procedente de pesquer\u00edas sostenibles, es ideal para un estilo de vida saludable.<br \/>\n<strong>Antioxidante, antiinflamatorio.<\/strong><br \/>\n<strong>Salud del coraz\u00f3n.<\/strong><\/p>","protected":false},"featured_media":18632,"comment_status":"open","ping_status":"closed","template":"","meta":{"inline_featured_image":false,"iawp_total_views":81},"product_cat":[97,99,100,141,118,107,140,101,102],"product_tag":[],"class_list":{"0":"post-17774","1":"product","2":"type-product","3":"status-publish","4":"has-post-thumbnail","6":"product_cat-antioxydants","7":"product_cat-fonction-cerebrale","8":"product_cat-immunite","9":"product_cat-omega-3","10":"product_cat-peau-cheveux-ongles","11":"product_cat-perte-de-poids","12":"product_cat-sans-gluten","13":"product_cat-sante-cardiaque","14":"product_cat-soutien-osseux-articulaire","16":"first","17":"outofstock","18":"featured","19":"shipping-taxable","20":"purchasable","21":"product-type-simple"},"delivery_text_html":"<div class=\"rp_estimated_date rp_outofstock dpid_17774\" data-pid=\"17774\" data-loaded=\"false\"><span class=\"rp_text\"><\/span><\/div>","delivery_time":1778803200,"_links":{"self":[{"href":"https:\/\/www.naturopharma.net\/es\/wp-json\/wp\/v2\/product\/17774","targetHints":{"allow":["GET"]}}],"collection":[{"href":"https:\/\/www.naturopharma.net\/es\/wp-json\/wp\/v2\/product"}],"about":[{"href":"https:\/\/www.naturopharma.net\/es\/wp-json\/wp\/v2\/types\/product"}],"replies":[{"embeddable":true,"href":"https:\/\/www.naturopharma.net\/es\/wp-json\/wp\/v2\/comments?post=17774"}],"version-history":[{"count":2,"href":"https:\/\/www.naturopharma.net\/es\/wp-json\/wp\/v2\/product\/17774\/revisions"}],"predecessor-version":[{"id":27353,"href":"https:\/\/www.naturopharma.net\/es\/wp-json\/wp\/v2\/product\/17774\/revisions\/27353"}],"wp:featuredmedia":[{"embeddable":true,"href":"https:\/\/www.naturopharma.net\/es\/wp-json\/wp\/v2\/media\/18632"}],"wp:attachment":[{"href":"https:\/\/www.naturopharma.net\/es\/wp-json\/wp\/v2\/media?parent=17774"}],"wp:term":[{"taxonomy":"product_cat","embeddable":true,"href":"https:\/\/www.naturopharma.net\/es\/wp-json\/wp\/v2\/product_cat?post=17774"},{"taxonomy":"product_tag","embeddable":true,"href":"https:\/\/www.naturopharma.net\/es\/wp-json\/wp\/v2\/product_tag?post=17774"}],"curies":[{"name":"wp","href":"https:\/\/api.w.org\/{rel}","templated":true}]}}