{"id":23165,"date":"2024-02-18T10:52:17","date_gmt":"2024-02-18T09:52:17","guid":{"rendered":"https:\/\/www.naturopharma.net\/?page_id=23165"},"modified":"2024-04-20T11:38:47","modified_gmt":"2024-04-20T09:38:47","slug":"links","status":"publish","type":"page","link":"https:\/\/www.naturopharma.net\/es\/links\/","title":{"rendered":"Socios"},"content":{"rendered":"<div data-elementor-type=\"wp-page\" data-elementor-id=\"23165\" class=\"elementor elementor-23165\" data-elementor-post-type=\"page\">\n\t\t\t\t\t\t<section class=\"elementor-section elementor-top-section elementor-element elementor-element-64e23e0 elementor-section-boxed elementor-section-height-default elementor-section-height-default\" data-id=\"64e23e0\" data-element_type=\"section\" data-e-type=\"section\">\n\t\t\t\t\t\t<div class=\"elementor-container elementor-column-gap-default\">\n\t\t\t\t\t<div class=\"elementor-column elementor-col-100 elementor-top-column elementor-element elementor-element-4e0d084\" data-id=\"4e0d084\" data-element_type=\"column\" data-e-type=\"column\">\n\t\t\t<div class=\"elementor-widget-wrap elementor-element-populated\">\n\t\t\t\t\t\t<div class=\"elementor-element elementor-element-f2d6e80 elementor-widget elementor-widget-html\" data-id=\"f2d6e80\" data-element_type=\"widget\" data-e-type=\"widget\" data-widget_type=\"html.default\">\n\t\t\t\t\t<a href=\"http:\/\/www.w3-annuaire.com\/vote-w3-annuaire.php?id_site_vote=16755\" target=\"_blank\" rel=\"noopener\"><img decoding=\"async\" src=\"http:\/\/www.w3-annuaire.com\/images\/logo-w3-annuaire.gif\" width=\"120\" height=\"35\" border=\"0\" alt=\"W3 Annuaire\" title=\"\"><\/a><noscript><a href=\"http:\/\/www.w3-annuaire.com\/annuaire-beaute-forme.php\" target=\"_blank\" rel=\"noopener\">Directorio de Belleza \/ Fitness<\/a> <a href=\"http:\/\/www.w3-annuaire.com\" target=\"_blank\" rel=\"noopener\">Referencias web<\/a><\/noscript>\t\t\t\t<\/div>\n\t\t\t\t\t<\/div>\n\t\t<\/div>\n\t\t\t\t\t<\/div>\n\t\t<\/section>\n\t\t\t\t<section class=\"elementor-section elementor-top-section elementor-element elementor-element-353d64f elementor-section-boxed elementor-section-height-default elementor-section-height-default\" data-id=\"353d64f\" data-element_type=\"section\" data-e-type=\"section\">\n\t\t\t\t\t\t<div class=\"elementor-container elementor-column-gap-default\">\n\t\t\t\t\t<div class=\"elementor-column elementor-col-100 elementor-top-column elementor-element elementor-element-2b9a57b\" data-id=\"2b9a57b\" data-element_type=\"column\" data-e-type=\"column\">\n\t\t\t<div class=\"elementor-widget-wrap elementor-element-populated\">\n\t\t\t\t\t\t<div class=\"elementor-element elementor-element-bfa49a2 elementor-widget elementor-widget-html\" data-id=\"bfa49a2\" data-element_type=\"widget\" data-e-type=\"widget\" data-widget_type=\"html.default\">\n\t\t\t\t\t<a href=\"http:\/\/referencement-annuaire-web.fr\/category\/sante\/\" target=\"_blank\" rel=\"noopener\">Salud<\/a>\t\t\t\t<\/div>\n\t\t\t\t\t<\/div>\n\t\t<\/div>\n\t\t\t\t\t<\/div>\n\t\t<\/section>\n\t\t\t\t<section class=\"elementor-section elementor-top-section elementor-element elementor-element-b215bf2 elementor-section-boxed elementor-section-height-default elementor-section-height-default\" data-id=\"b215bf2\" data-element_type=\"section\" data-e-type=\"section\">\n\t\t\t\t\t\t<div class=\"elementor-container elementor-column-gap-default\">\n\t\t\t\t\t<div class=\"elementor-column elementor-col-100 elementor-top-column elementor-element elementor-element-5f9ca09\" data-id=\"5f9ca09\" data-element_type=\"column\" data-e-type=\"column\">\n\t\t\t<div class=\"elementor-widget-wrap elementor-element-populated\">\n\t\t\t\t\t\t<div class=\"elementor-element elementor-element-e3d7b25 elementor-widget elementor-widget-html\" data-id=\"e3d7b25\" data-element_type=\"widget\" data-e-type=\"widget\" data-widget_type=\"html.default\">\n\t\t\t\t\t<a href=\"https:\/\/www.maxannu.com\/esthetique\/\" target=\"_blank\" rel=\"noopener\">Directorio de Max - Est\u00e9tica<\/a>\t\t\t\t<\/div>\n\t\t\t\t\t<\/div>\n\t\t<\/div>\n\t\t\t\t\t<\/div>\n\t\t<\/section>\n\t\t\t\t<\/div>","protected":false},"excerpt":{"rendered":"<p>Annuaire Beaut\u00e9 \/ Forme R\u00e9f\u00e9rencement Web Sant\u00e9 Annuaire de Max - Esth\u00e9tique<\/p>","protected":false},"author":1,"featured_media":0,"parent":0,"menu_order":0,"comment_status":"closed","ping_status":"closed","template":"","meta":{"inline_featured_image":false,"iawp_total_views":0,"footnotes":""},"class_list":["post-23165","page","type-page","status-publish","hentry"],"_links":{"self":[{"href":"https:\/\/www.naturopharma.net\/es\/wp-json\/wp\/v2\/pages\/23165","targetHints":{"allow":["GET"]}}],"collection":[{"href":"https:\/\/www.naturopharma.net\/es\/wp-json\/wp\/v2\/pages"}],"about":[{"href":"https:\/\/www.naturopharma.net\/es\/wp-json\/wp\/v2\/types\/page"}],"author":[{"embeddable":true,"href":"https:\/\/www.naturopharma.net\/es\/wp-json\/wp\/v2\/users\/1"}],"replies":[{"embeddable":true,"href":"https:\/\/www.naturopharma.net\/es\/wp-json\/wp\/v2\/comments?post=23165"}],"version-history":[{"count":0,"href":"https:\/\/www.naturopharma.net\/es\/wp-json\/wp\/v2\/pages\/23165\/revisions"}],"wp:attachment":[{"href":"https:\/\/www.naturopharma.net\/es\/wp-json\/wp\/v2\/media?parent=23165"}],"curies":[{"name":"wp","href":"https:\/\/api.w.org\/{rel}","templated":true}]}}