{"id":16229,"date":"2022-01-08T08:55:20","date_gmt":"2022-01-08T07:55:20","guid":{"rendered":"http:\/\/www.naturopharma.net\/?page_id=16229"},"modified":"2024-08-13T08:48:22","modified_gmt":"2024-08-13T06:48:22","slug":"politique-de-confidentialite-2","status":"publish","type":"page","link":"https:\/\/www.naturopharma.net\/es\/politique-de-confidentialite-2\/","title":{"rendered":"Pol\u00edtica de privacidad"},"content":{"rendered":"<h1 class=\"wp-block-heading\">Pol\u00edtica de privacidad<\/h1>\n\n\n\n<h2 class=\"wp-block-heading\">\u00bfQui\u00e9nes somos?<\/h2>\n\n\n\n<p>La direcci\u00f3n de nuestro sitio web es https:\/\/www.naturopharma.net.<\/p>\n\n\n\n<h2 class=\"wp-block-heading\">Comentarios<\/h2>\n\n\n\n<p>Cuando deja un comentario en nuestro sitio, se recogen los datos introducidos en el formulario de comentarios, su direcci\u00f3n IP y el agente de usuario de su navegador para ayudarnos a detectar comentarios no deseados.<\/p>\n\n\n\n<p>Una cadena an\u00f3nima creada a partir de su direcci\u00f3n de correo electr\u00f3nico (tambi\u00e9n conocida como hash) puede ser enviada al servicio Gravatar para comprobar si usted la est\u00e1 utilizando. Las cl\u00e1usulas de confidencialidad del servicio Gravatar est\u00e1n disponibles aqu\u00ed: https:\/\/automattic.com\/privacy\/. Una vez validado su comentario, su foto de perfil ser\u00e1 visible p\u00fablicamente junto a su comentario.<\/p>\n\n\n\n<h2 class=\"wp-block-heading\">Medios de comunicaci\u00f3n<\/h2>\n\n\n\n<p>Si sube im\u00e1genes al sitio, le aconsejamos que evite subir im\u00e1genes que contengan datos EXIF de coordenadas GPS. Las personas que visiten su sitio podr\u00edan descargar y extraer datos de localizaci\u00f3n de estas im\u00e1genes.<\/p>\n\n\n\n<h2 class=\"wp-block-heading\">Cookies<\/h2>\n\n\n\n<p>Si deja un comentario en nuestro sitio, se le pedir\u00e1 que guarde su nombre, direcci\u00f3n de correo electr\u00f3nico y sitio en las cookies. Esto es puramente para su comodidad, para que no tenga que introducir esta informaci\u00f3n si deja otro comentario en una fecha posterior. Estas cookies caducan al cabo de un a\u00f1o.<\/p>\n\n\n\n<p>Si accede a la p\u00e1gina de inicio de sesi\u00f3n, se crear\u00e1 una cookie temporal para determinar si su navegador acepta cookies. No contiene ning\u00fan dato personal y se borrar\u00e1 autom\u00e1ticamente cuando cierre el navegador.<\/p>\n\n\n\n<p>Cuando se conecte, instalaremos una serie de cookies para registrar su informaci\u00f3n de conexi\u00f3n y sus preferencias de pantalla. La vida \u00fatil de una cookie de conexi\u00f3n es de dos d\u00edas, la de una cookie de opci\u00f3n de pantalla es de un a\u00f1o. Si marca \"Recordarme\", la cookie de conexi\u00f3n se conservar\u00e1 durante quince d\u00edas. Si sale de su cuenta, se borrar\u00e1 la cookie de conexi\u00f3n.<\/p>\n\n\n\n<p>Al modificar o publicar una publicaci\u00f3n, se almacenar\u00e1 una cookie adicional en su navegador. Esta cookie no contiene ning\u00fan dato personal. Simplemente indica el ID de la publicaci\u00f3n que acaba de modificar. Caduca al cabo de un d\u00eda.<\/p>\n\n\n\n<h2 class=\"wp-block-heading\">Contenido incrustado de otros sitios<\/h2>\n\n\n\n<p>Los art\u00edculos de este sitio pueden incluir contenido incrustado (por ejemplo, v\u00eddeos, im\u00e1genes, art\u00edculos, etc.). El contenido incrustado de otros sitios se comporta de la misma manera que si el visitante estuviera visitando ese otro sitio.<\/p>\n\n\n\n<p>Estos sitios web pueden recopilar datos sobre usted, utilizar cookies, incrustar herramientas de seguimiento de terceros y rastrear sus interacciones con este contenido incrustado si tiene una cuenta conectada a su sitio web.<\/p>\n\n\n\n<h2 class=\"wp-block-heading\">Uso y transmisi\u00f3n de sus datos personales<\/h2>\n\n\n\n<p>Si solicita un restablecimiento de contrase\u00f1a, para mayor seguridad se incluir\u00e1 su direcci\u00f3n IP en el correo electr\u00f3nico de restablecimiento.<\/p>\n\n\n\n<h2 class=\"wp-block-heading\">Periodos de almacenamiento de sus datos<\/h2>\n\n\n\n<p>Si deja un comentario, el comentario y sus metadatos se conservan indefinidamente. Esto permite que los comentarios posteriores se reconozcan y aprueben autom\u00e1ticamente en lugar de quedarse en la cola de moderaci\u00f3n.<\/p>\n\n\n\n<p>En el caso de las cuentas que se registran en nuestro sitio (si procede), tambi\u00e9n almacenamos los datos personales indicados en su perfil. Todas las cuentas pueden ver, modificar o borrar su informaci\u00f3n personal en cualquier momento (a excepci\u00f3n de su ID de usuario). Los administradores del sitio tambi\u00e9n pueden ver y modificar esta informaci\u00f3n.<\/p>\n\n\n\n<h2 class=\"wp-block-heading\">Los derechos que tiene sobre sus datos<\/h2>\n\n\n\n<p>Si tiene una cuenta o ha dejado comentarios en el sitio, puede solicitar que le enviemos un archivo con todos los datos personales que tenemos sobre usted, incluidos los que nos ha facilitado. Tambi\u00e9n puede solicitar la supresi\u00f3n de sus datos personales. Esto no incluye los datos almacenados con fines administrativos, legales o de seguridad.<\/p>\n\n\n\n<h2 class=\"wp-block-heading\">Transmisi\u00f3n de sus datos personales<\/h2>\n\n\n\n<p>Los comentarios de los visitantes pueden comprobarse mediante un servicio automatizado para detectar comentarios indeseables.<\/p>","protected":false},"excerpt":{"rendered":"<p>Politique de confidentialit\u00e9 Qui sommes-nous&nbsp;? L\u2019adresse de notre site internet est&nbsp;: https:\/\/www.naturopharma.net. Commentaires Quand vous laissez un commentaire sur notre site, les donn\u00e9es inscrites dans le formulaire de commentaire, mais aussi votre adresse IP et l\u2019agent utilisateur de votre navigateur sont collect\u00e9s pour nous aider \u00e0 la d\u00e9tection des commentaires ind\u00e9sirables. Une cha\u00eene anonymis\u00e9e cr\u00e9\u00e9e [&hellip;]<\/p>\n","protected":false},"author":1,"featured_media":0,"parent":0,"menu_order":0,"comment_status":"closed","ping_status":"closed","template":"","meta":{"inline_featured_image":false,"iawp_total_views":65,"footnotes":""},"class_list":["post-16229","page","type-page","status-publish","hentry"],"_links":{"self":[{"href":"https:\/\/www.naturopharma.net\/es\/wp-json\/wp\/v2\/pages\/16229","targetHints":{"allow":["GET"]}}],"collection":[{"href":"https:\/\/www.naturopharma.net\/es\/wp-json\/wp\/v2\/pages"}],"about":[{"href":"https:\/\/www.naturopharma.net\/es\/wp-json\/wp\/v2\/types\/page"}],"author":[{"embeddable":true,"href":"https:\/\/www.naturopharma.net\/es\/wp-json\/wp\/v2\/users\/1"}],"replies":[{"embeddable":true,"href":"https:\/\/www.naturopharma.net\/es\/wp-json\/wp\/v2\/comments?post=16229"}],"version-history":[{"count":0,"href":"https:\/\/www.naturopharma.net\/es\/wp-json\/wp\/v2\/pages\/16229\/revisions"}],"wp:attachment":[{"href":"https:\/\/www.naturopharma.net\/es\/wp-json\/wp\/v2\/media?parent=16229"}],"curies":[{"name":"wp","href":"https:\/\/api.w.org\/{rel}","templated":true}]}}