{"id":3,"date":"2022-01-07T09:24:40","date_gmt":"2022-01-07T08:24:40","guid":{"rendered":"http:\/\/www.naturopharma.net\/?page_id=3"},"modified":"2022-02-15T21:14:06","modified_gmt":"2022-02-15T20:14:06","slug":"politique-de-confidentialite","status":"publish","type":"page","link":"https:\/\/www.naturopharma.net\/en\/politique-de-confidentialite\/","title":{"rendered":"Privacy policy"},"content":{"rendered":"<div data-elementor-type=\"wp-page\" data-elementor-id=\"3\" class=\"elementor elementor-3\" data-elementor-post-type=\"page\">\n\t\t\t\t\t\t<section class=\"elementor-section elementor-top-section elementor-element elementor-element-356e9ce3 elementor-section-boxed elementor-section-height-default elementor-section-height-default\" data-id=\"356e9ce3\" data-element_type=\"section\" data-e-type=\"section\">\n\t\t\t\t\t\t<div class=\"elementor-container elementor-column-gap-default\">\n\t\t\t\t\t<div class=\"elementor-column elementor-col-100 elementor-top-column elementor-element elementor-element-2bf9d4a4\" data-id=\"2bf9d4a4\" data-element_type=\"column\" data-e-type=\"column\">\n\t\t\t<div class=\"elementor-widget-wrap elementor-element-populated\">\n\t\t\t\t\t\t<div class=\"elementor-element elementor-element-6661e2 elementor-widget elementor-widget-text-editor\" data-id=\"6661e2\" data-element_type=\"widget\" data-e-type=\"widget\" data-widget_type=\"text-editor.default\">\n\t\t\t\t\t\t\t\t\t<p><\/p>\n<h2 class=\"wp-block-heading\">Who are we?<\/h2>\n<p><\/p>\n<p>Our website address is https:\/\/www.naturopharma.net.<br>Our administrative address is: 83 bld du pr\u00e9sident Wilson, 06400 Antibes France<\/p>\n<p><\/p>\n<h2 class=\"wp-block-heading\">Comments<\/h2>\n<p><\/p>\n<p>When you leave a comment on our site, the data entered in the comment form, your IP address and your browser's user agent are collected to help us detect undesirable comments.<\/p>\n<p><\/p>\n<p>An anonymised string created from your e-mail address (also known as a hash) may be sent to the Gravatar service to check whether you are using it. The Gravatar service's confidentiality clauses are available here: https:\/\/automattic.com\/privacy\/. <br>Once your comment has been validated, your profile photo will be publicly visible next to your comment.<\/p>\n<p><\/p>\n<h2 class=\"wp-block-heading\">Media<\/h2>\n<p><\/p>\n<p>If you upload images to the site, we advise you to avoid uploading images containing EXIF data of GPS coordinates. People visiting your site may download and extract location data from these images.<\/p>\n<p><\/p>\n<h2 class=\"wp-block-heading\">Cookies<\/h2>\n<p><\/p>\n<p>If you leave a comment on our site, you will be asked to save your name, e-mail address and site in cookies. This is purely for your convenience so that you do not have to enter this information if you leave another comment later. These cookies expire after one year.<\/p>\n<p><\/p>\n<p>If you go to the login page, a temporary cookie will be created to determine whether your browser accepts cookies. It does not contain any personal data and will be deleted automatically when you close your browser.<\/p>\n<p><\/p>\n<p>When you log on, we will set a number of cookies to record your login information and screen preferences. The lifetime of a connection cookie is two days, that of a screen option cookie is one year. If you tick \"Remember me\", your connection cookie will be kept for a fortnight. If you log out of your account, the login cookie will be deleted.<\/p>\n<p><\/p>\n<p>By modifying or publishing a publication, an additional cookie will be stored in your browser. This cookie does not contain any personal data. It simply indicates the ID of the publication you have just modified. It expires after one day.<\/p>\n<p><\/p>\n<h2 class=\"wp-block-heading\">Embedded content from other sites<\/h2>\n<p><\/p>\n<p>Articles on this site may include embedded content (e.g. videos, images, articles, etc.). Embedded content from other sites behaves in the same way as if the visitor were visiting that other site.<\/p>\n<p><\/p>\n<p>These websites may collect data about you, use cookies, embed third-party tracking tools and track your interactions with this embedded content if you have an account connected to their website.<\/p>\n<p><\/p>\n<h2 class=\"wp-block-heading\">Use and transmission of your personal data<\/h2>\n<p><\/p>\n<p>If you request a password reset, your IP address will be included in the reset e-mail.<\/p>\n<p><\/p>\n<h2 class=\"wp-block-heading\">Storage periods for your data<\/h2>\n<p><\/p>\n<p>If you leave a comment, the comment and its metadata are kept indefinitely. This allows subsequent comments to be automatically recognised and approved instead of being left in the moderation queue.<\/p>\n<p><\/p>\n<p>For accounts that register on our site (where applicable), we also store the personal data indicated in their profile. All accounts can view, modify or delete their personal information at any time (with the exception of their user ID). Site managers can also view and modify this information.<\/p>\n<p><\/p>\n<h2 class=\"wp-block-heading\">The rights you have over your data<\/h2>\n<p><\/p>\n<p>If you have an account or if you have left comments on the site, you may request to receive a file containing all the personal data we hold about you, including that which you have provided to us. You may also request the deletion of your personal data. This does not include data stored for administrative, legal or security purposes.<\/p>\n<p><\/p>\n<h2 class=\"wp-block-heading\">Transmission of your personal data<\/h2>\n<p><\/p>\n<p>Visitor comments can be checked using an automated service to detect undesirable comments.<\/p>\n<p><\/p>\t\t\t\t\t\t\t\t<\/div>\n\t\t\t\t\t<\/div>\n\t\t<\/div>\n\t\t\t\t\t<\/div>\n\t\t<\/section>\n\t\t\t\t<\/div>","protected":false},"excerpt":{"rendered":"<p>Qui sommes-nous&nbsp;? L\u2019adresse de notre site est&nbsp;: https:\/\/www.naturopharma.net.Notre adresse Administrative est: 83 bld du pr\u00e9sident Wilson, 06400 Antibes France Commentaires Quand vous laissez un commentaire sur notre site, les donn\u00e9es inscrites dans le formulaire de commentaire, mais aussi votre adresse IP et l\u2019agent utilisateur de votre navigateur sont collect\u00e9s pour nous aider \u00e0 la d\u00e9tection [&hellip;]<\/p>\n","protected":false},"author":1,"featured_media":0,"parent":0,"menu_order":0,"comment_status":"closed","ping_status":"open","template":"","meta":{"inline_featured_image":false,"iawp_total_views":2,"footnotes":""},"class_list":["post-3","page","type-page","status-publish","hentry"],"_links":{"self":[{"href":"https:\/\/www.naturopharma.net\/en\/wp-json\/wp\/v2\/pages\/3","targetHints":{"allow":["GET"]}}],"collection":[{"href":"https:\/\/www.naturopharma.net\/en\/wp-json\/wp\/v2\/pages"}],"about":[{"href":"https:\/\/www.naturopharma.net\/en\/wp-json\/wp\/v2\/types\/page"}],"author":[{"embeddable":true,"href":"https:\/\/www.naturopharma.net\/en\/wp-json\/wp\/v2\/users\/1"}],"replies":[{"embeddable":true,"href":"https:\/\/www.naturopharma.net\/en\/wp-json\/wp\/v2\/comments?post=3"}],"version-history":[{"count":0,"href":"https:\/\/www.naturopharma.net\/en\/wp-json\/wp\/v2\/pages\/3\/revisions"}],"wp:attachment":[{"href":"https:\/\/www.naturopharma.net\/en\/wp-json\/wp\/v2\/media?parent=3"}],"curies":[{"name":"wp","href":"https:\/\/api.w.org\/{rel}","templated":true}]}}